{"id":960,"date":"2021-04-16T19:43:58","date_gmt":"2021-04-16T17:43:58","guid":{"rendered":"https:\/\/mosqueenogentsuroise.fr\/?page_id=960"},"modified":"2024-04-14T21:50:55","modified_gmt":"2024-04-14T19:50:55","slug":"mentions-legales","status":"publish","type":"page","link":"https:\/\/mosqueenogentsuroise.fr\/index.php\/mentions-legales\/","title":{"rendered":"Mentions L\u00e9gales"},"content":{"rendered":"\n<p><strong>Mentions l\u00e9gales<\/strong><\/p>\n\n\n\n<p>Mosqueenogentsuroise.fr est un site \u00e9dit\u00e9 par l\u2019Association Nogentaise d\u2019Echanges Culturels (A.N.E.C.) dont le si\u00e8ge social est sis 38 avenue Albert Jacquard 60180 Nogent sur Oise et identifi\u00e9 sous le SIREN\u00a0792\u00a0236\u00a0861 00029<\/p>\n\n\n\n<p>Directeur de la publication&nbsp;: Monsieur Lekbir EDDARDI \u2013&nbsp;<em><a href=\"mailto:contact@mosqueenogentsuroise.fr\">contact@mosqueenogentsuroise.fr<\/a><\/em><\/p>\n\n\n\n<p>Le site Internet&nbsp;<a href=\"https:\/\/mosqueenogentsuroise.fr\">https:\/\/mosqueenogentsuroise.fr<\/a>&nbsp;(le Site) est la propri\u00e9t\u00e9 exclusive de l\u2019A.N.E.C.<\/p>\n\n\n\n<p><strong>H\u00e9bergement<\/strong><\/p>\n\n\n\n<p>Le site Internet est h\u00e9berg\u00e9 par la soci\u00e9t\u00e9&nbsp;<a href=\"https:\/\/www.ovh.com\/fr\/\" target=\"_blank\" rel=\"noreferrer noopener\">OVH<\/a>, 2 rue Kellermann 59100 ROUBAIX, Capital de 10.000.000 euros, Siret : 424 761 419 00045.<\/p>\n\n\n\n<p><strong>Propri\u00e9t\u00e9 intellectuelle<\/strong><\/p>\n\n\n\n<p>De mani\u00e8re g\u00e9n\u00e9rale, les donn\u00e9es, les programmes, les \u00e9chantillons musicaux, les textes, les informations, les logos, les identit\u00e9s visuelles, les images anim\u00e9es ou non et leurs mises en forme, les vid\u00e9os, apparaissant sur le Site sont la propri\u00e9t\u00e9 de l\u2019A.N.E.C. et sont prot\u00e9g\u00e9es \u00e0 ce titre par les dispositions du Code de la propri\u00e9t\u00e9 intellectuelle.<\/p>\n\n\n\n<p>Tout internaute s\u2019engage \u00e0 ne les utiliser que dans le strict cadre offert par le Site.<\/p>\n\n\n\n<p><strong>Commentaires<\/strong><\/p>\n\n\n\n<p>L\u2019A.N.E.C. encourage les internautes \u00e0 publier des commentaires sur le Site. Toutefois les commentaires n\u2019ayant aucun rapport avec le contenu du Site seront consid\u00e9r\u00e9s comme du spam et par cons\u00e9quent supprim\u00e9s. Les commentaires injurieux ou ayant des connotations racistes, violentes ou sexuelles seront \u00e9galement supprim\u00e9s.<\/p>\n\n\n\n<p><strong>Responsabilit\u00e9<\/strong><\/p>\n\n\n\n<p>L\u2019A.N.E.C. d\u00e9cline toute responsabilit\u00e9 quant aux \u00e9ventuels dysfonctionnements pouvant survenir sur le Site et entra\u00eener une perte de donn\u00e9es ou une indisponibilit\u00e9 de l\u2019acc\u00e8s aux informations produites sur celui-ci. L\u2019A.N.E.C. ne peut garantir l\u2019exhaustivit\u00e9 et la v\u00e9racit\u00e9 des informations pr\u00e9sentes sur le Site ainsi que l\u2019absence de modification par un tiers (intrusion, virus). L\u2019internaute est seul responsable de l\u2019utilisation qu\u2019il fait du contenu du Site.<\/p>\n\n\n\n<p>Les \u00e9l\u00e9ments pr\u00e9sent\u00e9s sur le Site sont susceptibles de modification sans pr\u00e9avis et sont mis \u00e0 la disposition des internautes, sans aucune garantie d\u2019aucune sorte, expresse ou tacite.<\/p>\n\n\n\n<p>La pr\u00e9sence de liens hypertextes pr\u00e9sents sur le Site ne cr\u00e9e pas une solidarit\u00e9 de responsabilit\u00e9 entre L\u2019A.N.E.C. et les propri\u00e9taires des autres sites, quant au contenu des sites sur lesquels est redirig\u00e9 l\u2019internaute. Seule la responsabilit\u00e9 desdits sites peut \u00eatre engag\u00e9e.<\/p>\n","protected":false},"excerpt":{"rendered":"<p>Mentions l\u00e9gales Mosqueenogentsuroise.fr est un site \u00e9dit\u00e9 par l\u2019Association Nogentaise d\u2019Echanges Culturels (A.N.E.C.) dont le si\u00e8ge social est sis 38 avenue Albert Jacquard 60180 Nogent sur Oise et identifi\u00e9 sous le SIREN\u00a0792\u00a0236\u00a0861 00029 Directeur de la publication&nbsp;: Monsieur Lekbir EDDARDI&hellip; <br \/><a class=\"read-more-button\" href=\"https:\/\/mosqueenogentsuroise.fr\/index.php\/mentions-legales\/\">Savoir plus<\/a><\/p>\n","protected":false},"author":1,"featured_media":0,"parent":0,"menu_order":0,"comment_status":"closed","ping_status":"closed","template":"","meta":{"give_campaign_id":0,"_monsterinsights_skip_tracking":false,"_monsterinsights_sitenote_active":false,"_monsterinsights_sitenote_note":"","_monsterinsights_sitenote_category":0,"footnotes":""},"class_list":["post-960","page","type-page","status-publish","hentry"],"yoast_head":"<!-- This site is optimized with the Yoast SEO plugin v27.4 - https:\/\/yoast.com\/product\/yoast-seo-wordpress\/ -->\n<title>Mentions L\u00e9gales - Mosqu\u00e9e de Nogent sur Oise<\/title>\n<meta name=\"robots\" content=\"index, follow, max-snippet:-1, max-image-preview:large, max-video-preview:-1\" \/>\n<link rel=\"canonical\" href=\"https:\/\/mosqueenogentsuroise.fr\/index.php\/mentions-legales\/\" \/>\n<meta property=\"og:locale\" content=\"fr_FR\" \/>\n<meta property=\"og:type\" content=\"article\" \/>\n<meta property=\"og:title\" content=\"Mentions L\u00e9gales - Mosqu\u00e9e de Nogent sur Oise\" \/>\n<meta property=\"og:description\" content=\"Mentions l\u00e9gales Mosqueenogentsuroise.fr est un site \u00e9dit\u00e9 par l\u2019Association Nogentaise d\u2019Echanges Culturels (A.N.E.C.) dont le si\u00e8ge social est sis 38 avenue Albert Jacquard 60180 Nogent sur Oise et identifi\u00e9 sous le SIREN\u00a0792\u00a0236\u00a0861 00029 Directeur de la publication&nbsp;: Monsieur Lekbir EDDARDI&hellip; Savoir plus\" \/>\n<meta property=\"og:url\" content=\"https:\/\/mosqueenogentsuroise.fr\/index.php\/mentions-legales\/\" \/>\n<meta property=\"og:site_name\" content=\"Mosqu\u00e9e de Nogent sur Oise\" \/>\n<meta property=\"article:modified_time\" content=\"2024-04-14T19:50:55+00:00\" \/>\n<meta name=\"twitter:card\" content=\"summary_large_image\" \/>\n<meta name=\"twitter:label1\" content=\"Dur\u00e9e de lecture estim\u00e9e\" \/>\n\t<meta name=\"twitter:data1\" content=\"2 minutes\" \/>\n<script type=\"application\/ld+json\" class=\"yoast-schema-graph\">{\"@context\":\"https:\\\/\\\/schema.org\",\"@graph\":[{\"@type\":\"WebPage\",\"@id\":\"https:\\\/\\\/mosqueenogentsuroise.fr\\\/index.php\\\/mentions-legales\\\/\",\"url\":\"https:\\\/\\\/mosqueenogentsuroise.fr\\\/index.php\\\/mentions-legales\\\/\",\"name\":\"Mentions L\u00e9gales - Mosqu\u00e9e de Nogent sur Oise\",\"isPartOf\":{\"@id\":\"https:\\\/\\\/mosqueenogentsuroise.fr\\\/#website\"},\"datePublished\":\"2021-04-16T17:43:58+00:00\",\"dateModified\":\"2024-04-14T19:50:55+00:00\",\"breadcrumb\":{\"@id\":\"https:\\\/\\\/mosqueenogentsuroise.fr\\\/index.php\\\/mentions-legales\\\/#breadcrumb\"},\"inLanguage\":\"fr-FR\",\"potentialAction\":[{\"@type\":\"ReadAction\",\"target\":[\"https:\\\/\\\/mosqueenogentsuroise.fr\\\/index.php\\\/mentions-legales\\\/\"]}]},{\"@type\":\"BreadcrumbList\",\"@id\":\"https:\\\/\\\/mosqueenogentsuroise.fr\\\/index.php\\\/mentions-legales\\\/#breadcrumb\",\"itemListElement\":[{\"@type\":\"ListItem\",\"position\":1,\"name\":\"Accueil\",\"item\":\"https:\\\/\\\/mosqueenogentsuroise.fr\\\/\"},{\"@type\":\"ListItem\",\"position\":2,\"name\":\"Mentions L\u00e9gales\"}]},{\"@type\":\"WebSite\",\"@id\":\"https:\\\/\\\/mosqueenogentsuroise.fr\\\/#website\",\"url\":\"https:\\\/\\\/mosqueenogentsuroise.fr\\\/\",\"name\":\"Mosqu\u00e9e de Nogent sur Oise\",\"description\":\"\",\"potentialAction\":[{\"@type\":\"SearchAction\",\"target\":{\"@type\":\"EntryPoint\",\"urlTemplate\":\"https:\\\/\\\/mosqueenogentsuroise.fr\\\/?s={search_term_string}\"},\"query-input\":{\"@type\":\"PropertyValueSpecification\",\"valueRequired\":true,\"valueName\":\"search_term_string\"}}],\"inLanguage\":\"fr-FR\"}]}<\/script>\n<!-- \/ Yoast SEO plugin. -->","yoast_head_json":{"title":"Mentions L\u00e9gales - Mosqu\u00e9e de Nogent sur Oise","robots":{"index":"index","follow":"follow","max-snippet":"max-snippet:-1","max-image-preview":"max-image-preview:large","max-video-preview":"max-video-preview:-1"},"canonical":"https:\/\/mosqueenogentsuroise.fr\/index.php\/mentions-legales\/","og_locale":"fr_FR","og_type":"article","og_title":"Mentions L\u00e9gales - Mosqu\u00e9e de Nogent sur Oise","og_description":"Mentions l\u00e9gales Mosqueenogentsuroise.fr est un site \u00e9dit\u00e9 par l\u2019Association Nogentaise d\u2019Echanges Culturels (A.N.E.C.) dont le si\u00e8ge social est sis 38 avenue Albert Jacquard 60180 Nogent sur Oise et identifi\u00e9 sous le SIREN\u00a0792\u00a0236\u00a0861 00029 Directeur de la publication&nbsp;: Monsieur Lekbir EDDARDI&hellip; Savoir plus","og_url":"https:\/\/mosqueenogentsuroise.fr\/index.php\/mentions-legales\/","og_site_name":"Mosqu\u00e9e de Nogent sur Oise","article_modified_time":"2024-04-14T19:50:55+00:00","twitter_card":"summary_large_image","twitter_misc":{"Dur\u00e9e de lecture estim\u00e9e":"2 minutes"},"schema":{"@context":"https:\/\/schema.org","@graph":[{"@type":"WebPage","@id":"https:\/\/mosqueenogentsuroise.fr\/index.php\/mentions-legales\/","url":"https:\/\/mosqueenogentsuroise.fr\/index.php\/mentions-legales\/","name":"Mentions L\u00e9gales - Mosqu\u00e9e de Nogent sur Oise","isPartOf":{"@id":"https:\/\/mosqueenogentsuroise.fr\/#website"},"datePublished":"2021-04-16T17:43:58+00:00","dateModified":"2024-04-14T19:50:55+00:00","breadcrumb":{"@id":"https:\/\/mosqueenogentsuroise.fr\/index.php\/mentions-legales\/#breadcrumb"},"inLanguage":"fr-FR","potentialAction":[{"@type":"ReadAction","target":["https:\/\/mosqueenogentsuroise.fr\/index.php\/mentions-legales\/"]}]},{"@type":"BreadcrumbList","@id":"https:\/\/mosqueenogentsuroise.fr\/index.php\/mentions-legales\/#breadcrumb","itemListElement":[{"@type":"ListItem","position":1,"name":"Accueil","item":"https:\/\/mosqueenogentsuroise.fr\/"},{"@type":"ListItem","position":2,"name":"Mentions L\u00e9gales"}]},{"@type":"WebSite","@id":"https:\/\/mosqueenogentsuroise.fr\/#website","url":"https:\/\/mosqueenogentsuroise.fr\/","name":"Mosqu\u00e9e de Nogent sur Oise","description":"","potentialAction":[{"@type":"SearchAction","target":{"@type":"EntryPoint","urlTemplate":"https:\/\/mosqueenogentsuroise.fr\/?s={search_term_string}"},"query-input":{"@type":"PropertyValueSpecification","valueRequired":true,"valueName":"search_term_string"}}],"inLanguage":"fr-FR"}]}},"campaignId":"","_links":{"self":[{"href":"https:\/\/mosqueenogentsuroise.fr\/index.php\/wp-json\/wp\/v2\/pages\/960","targetHints":{"allow":["GET"]}}],"collection":[{"href":"https:\/\/mosqueenogentsuroise.fr\/index.php\/wp-json\/wp\/v2\/pages"}],"about":[{"href":"https:\/\/mosqueenogentsuroise.fr\/index.php\/wp-json\/wp\/v2\/types\/page"}],"author":[{"embeddable":true,"href":"https:\/\/mosqueenogentsuroise.fr\/index.php\/wp-json\/wp\/v2\/users\/1"}],"replies":[{"embeddable":true,"href":"https:\/\/mosqueenogentsuroise.fr\/index.php\/wp-json\/wp\/v2\/comments?post=960"}],"version-history":[{"count":3,"href":"https:\/\/mosqueenogentsuroise.fr\/index.php\/wp-json\/wp\/v2\/pages\/960\/revisions"}],"predecessor-version":[{"id":1338,"href":"https:\/\/mosqueenogentsuroise.fr\/index.php\/wp-json\/wp\/v2\/pages\/960\/revisions\/1338"}],"wp:attachment":[{"href":"https:\/\/mosqueenogentsuroise.fr\/index.php\/wp-json\/wp\/v2\/media?parent=960"}],"curies":[{"name":"wp","href":"https:\/\/api.w.org\/{rel}","templated":true}]}}