{"id":808,"date":"2020-10-17T20:43:54","date_gmt":"2020-10-17T18:43:54","guid":{"rendered":"https:\/\/mosqueenogentsuroise.fr\/index.php\/payment-confirmation\/"},"modified":"2020-10-18T18:45:03","modified_gmt":"2020-10-18T16:45:03","slug":"payment-confirmation","status":"publish","type":"page","link":"https:\/\/mosqueenogentsuroise.fr\/index.php\/payment-confirmation\/","title":{"rendered":"Payment Confirmation"},"content":{"rendered":"<p>[simpay_payment_receipt]<\/p>\n<p>Paiement acc\u00e9pt\u00e9 !!<\/p>\n","protected":false},"excerpt":{"rendered":"<p>[simpay_payment_receipt] Paiement acc\u00e9pt\u00e9 !!<\/p>\n","protected":false},"author":1,"featured_media":0,"parent":0,"menu_order":0,"comment_status":"closed","ping_status":"closed","template":"","meta":{"give_campaign_id":0,"_monsterinsights_skip_tracking":false,"_monsterinsights_sitenote_active":false,"_monsterinsights_sitenote_note":"","_monsterinsights_sitenote_category":0,"footnotes":""},"class_list":["post-808","page","type-page","status-publish","hentry"],"yoast_head":"<!-- This site is optimized with the Yoast SEO plugin v27.5 - https:\/\/yoast.com\/product\/yoast-seo-wordpress\/ -->\n<title>Payment Confirmation - Mosqu\u00e9e de Nogent sur Oise<\/title>\n<meta name=\"robots\" content=\"index, follow, max-snippet:-1, max-image-preview:large, max-video-preview:-1\" \/>\n<link rel=\"canonical\" href=\"https:\/\/mosqueenogentsuroise.fr\/index.php\/payment-confirmation\/\" \/>\n<meta property=\"og:locale\" content=\"fr_FR\" \/>\n<meta property=\"og:type\" content=\"article\" \/>\n<meta property=\"og:title\" content=\"Payment Confirmation - Mosqu\u00e9e de Nogent sur Oise\" \/>\n<meta property=\"og:description\" content=\"[simpay_payment_receipt] Paiement acc\u00e9pt\u00e9 !!\" \/>\n<meta property=\"og:url\" content=\"https:\/\/mosqueenogentsuroise.fr\/index.php\/payment-confirmation\/\" \/>\n<meta property=\"og:site_name\" content=\"Mosqu\u00e9e de Nogent sur Oise\" \/>\n<meta property=\"article:modified_time\" content=\"2020-10-18T16:45:03+00:00\" \/>\n<meta name=\"twitter:card\" content=\"summary_large_image\" \/>\n<script type=\"application\/ld+json\" class=\"yoast-schema-graph\">{\"@context\":\"https:\\\/\\\/schema.org\",\"@graph\":[{\"@type\":\"WebPage\",\"@id\":\"https:\\\/\\\/mosqueenogentsuroise.fr\\\/index.php\\\/payment-confirmation\\\/\",\"url\":\"https:\\\/\\\/mosqueenogentsuroise.fr\\\/index.php\\\/payment-confirmation\\\/\",\"name\":\"Payment Confirmation - Mosqu\u00e9e de Nogent sur Oise\",\"isPartOf\":{\"@id\":\"https:\\\/\\\/mosqueenogentsuroise.fr\\\/#website\"},\"datePublished\":\"2020-10-17T18:43:54+00:00\",\"dateModified\":\"2020-10-18T16:45:03+00:00\",\"breadcrumb\":{\"@id\":\"https:\\\/\\\/mosqueenogentsuroise.fr\\\/index.php\\\/payment-confirmation\\\/#breadcrumb\"},\"inLanguage\":\"fr-FR\",\"potentialAction\":[{\"@type\":\"ReadAction\",\"target\":[\"https:\\\/\\\/mosqueenogentsuroise.fr\\\/index.php\\\/payment-confirmation\\\/\"]}]},{\"@type\":\"BreadcrumbList\",\"@id\":\"https:\\\/\\\/mosqueenogentsuroise.fr\\\/index.php\\\/payment-confirmation\\\/#breadcrumb\",\"itemListElement\":[{\"@type\":\"ListItem\",\"position\":1,\"name\":\"Accueil\",\"item\":\"https:\\\/\\\/mosqueenogentsuroise.fr\\\/\"},{\"@type\":\"ListItem\",\"position\":2,\"name\":\"Payment Confirmation\"}]},{\"@type\":\"WebSite\",\"@id\":\"https:\\\/\\\/mosqueenogentsuroise.fr\\\/#website\",\"url\":\"https:\\\/\\\/mosqueenogentsuroise.fr\\\/\",\"name\":\"Mosqu\u00e9e de Nogent sur Oise\",\"description\":\"\",\"potentialAction\":[{\"@type\":\"SearchAction\",\"target\":{\"@type\":\"EntryPoint\",\"urlTemplate\":\"https:\\\/\\\/mosqueenogentsuroise.fr\\\/?s={search_term_string}\"},\"query-input\":{\"@type\":\"PropertyValueSpecification\",\"valueRequired\":true,\"valueName\":\"search_term_string\"}}],\"inLanguage\":\"fr-FR\"}]}<\/script>\n<!-- \/ Yoast SEO plugin. -->","yoast_head_json":{"title":"Payment Confirmation - Mosqu\u00e9e de Nogent sur Oise","robots":{"index":"index","follow":"follow","max-snippet":"max-snippet:-1","max-image-preview":"max-image-preview:large","max-video-preview":"max-video-preview:-1"},"canonical":"https:\/\/mosqueenogentsuroise.fr\/index.php\/payment-confirmation\/","og_locale":"fr_FR","og_type":"article","og_title":"Payment Confirmation - Mosqu\u00e9e de Nogent sur Oise","og_description":"[simpay_payment_receipt] Paiement acc\u00e9pt\u00e9 !!","og_url":"https:\/\/mosqueenogentsuroise.fr\/index.php\/payment-confirmation\/","og_site_name":"Mosqu\u00e9e de Nogent sur Oise","article_modified_time":"2020-10-18T16:45:03+00:00","twitter_card":"summary_large_image","schema":{"@context":"https:\/\/schema.org","@graph":[{"@type":"WebPage","@id":"https:\/\/mosqueenogentsuroise.fr\/index.php\/payment-confirmation\/","url":"https:\/\/mosqueenogentsuroise.fr\/index.php\/payment-confirmation\/","name":"Payment Confirmation - Mosqu\u00e9e de Nogent sur Oise","isPartOf":{"@id":"https:\/\/mosqueenogentsuroise.fr\/#website"},"datePublished":"2020-10-17T18:43:54+00:00","dateModified":"2020-10-18T16:45:03+00:00","breadcrumb":{"@id":"https:\/\/mosqueenogentsuroise.fr\/index.php\/payment-confirmation\/#breadcrumb"},"inLanguage":"fr-FR","potentialAction":[{"@type":"ReadAction","target":["https:\/\/mosqueenogentsuroise.fr\/index.php\/payment-confirmation\/"]}]},{"@type":"BreadcrumbList","@id":"https:\/\/mosqueenogentsuroise.fr\/index.php\/payment-confirmation\/#breadcrumb","itemListElement":[{"@type":"ListItem","position":1,"name":"Accueil","item":"https:\/\/mosqueenogentsuroise.fr\/"},{"@type":"ListItem","position":2,"name":"Payment Confirmation"}]},{"@type":"WebSite","@id":"https:\/\/mosqueenogentsuroise.fr\/#website","url":"https:\/\/mosqueenogentsuroise.fr\/","name":"Mosqu\u00e9e de Nogent sur Oise","description":"","potentialAction":[{"@type":"SearchAction","target":{"@type":"EntryPoint","urlTemplate":"https:\/\/mosqueenogentsuroise.fr\/?s={search_term_string}"},"query-input":{"@type":"PropertyValueSpecification","valueRequired":true,"valueName":"search_term_string"}}],"inLanguage":"fr-FR"}]}},"campaignId":"","_links":{"self":[{"href":"https:\/\/mosqueenogentsuroise.fr\/index.php\/wp-json\/wp\/v2\/pages\/808","targetHints":{"allow":["GET"]}}],"collection":[{"href":"https:\/\/mosqueenogentsuroise.fr\/index.php\/wp-json\/wp\/v2\/pages"}],"about":[{"href":"https:\/\/mosqueenogentsuroise.fr\/index.php\/wp-json\/wp\/v2\/types\/page"}],"author":[{"embeddable":true,"href":"https:\/\/mosqueenogentsuroise.fr\/index.php\/wp-json\/wp\/v2\/users\/1"}],"replies":[{"embeddable":true,"href":"https:\/\/mosqueenogentsuroise.fr\/index.php\/wp-json\/wp\/v2\/comments?post=808"}],"version-history":[{"count":1,"href":"https:\/\/mosqueenogentsuroise.fr\/index.php\/wp-json\/wp\/v2\/pages\/808\/revisions"}],"predecessor-version":[{"id":813,"href":"https:\/\/mosqueenogentsuroise.fr\/index.php\/wp-json\/wp\/v2\/pages\/808\/revisions\/813"}],"wp:attachment":[{"href":"https:\/\/mosqueenogentsuroise.fr\/index.php\/wp-json\/wp\/v2\/media?parent=808"}],"curies":[{"name":"wp","href":"https:\/\/api.w.org\/{rel}","templated":true}]}}