{"id":537,"date":"2019-10-03T23:26:56","date_gmt":"2019-10-03T21:26:56","guid":{"rendered":"https:\/\/mosqueenogentsuroise.fr\/?page_id=537"},"modified":"2021-04-19T14:14:26","modified_gmt":"2021-04-19T12:14:26","slug":"programme-annuel-debutants-2","status":"publish","type":"page","link":"https:\/\/mosqueenogentsuroise.fr\/index.php\/nos-activites\/cours-pour-enfants\/programme-annuel-debutants-2\/","title":{"rendered":"Programme annuel des maternelles"},"content":{"rendered":"<h1 style=\"text-align: center;\"><span style=\"color: #c0aa04;\">Programme Annuel \u2013 Classe Maternelles<\/span><\/h1>\n<h2 style=\"text-align: center;\"><span style=\"color: #034c24;\"><strong>D\u00e9but Septembre \u2013 Jusqu\u2019\u00e0 fin Octobre<\/strong><\/span><\/h2>\n<h3><strong>\u00a0<\/strong><span style=\"color: #c0aa04;\"><strong>Coran<\/strong><\/span><\/h3>\n<ul>\n<li><strong>Introduction \u00e0 la lecture du Coran<\/strong> :D\u00e9chiffrer les lettres alphab\u00e9tiques arabes s\u00e9par\u00e9es et combin\u00e9es dans le livre <strong>\u00ab\u00a0L\u2019apprentissage du Quran 1\u00e9re partie<\/strong>\u00bb<\/li>\n<li>Exercices de prononciation (Makharij) <strong>des lettres qui d\u00e9chiffreront dans le (Qa\u2019idaNourani)<\/strong><\/li>\n<li>Apprentissage dela sourate Al-Fatiha<\/li>\n<\/ul>\n<h3><span style=\"color: #c0aa04;\"><strong>Croyances <\/strong><\/span><\/h3>\n<ul>\n<li><strong>L&rsquo;enfant doit connaitre Dieu qu&rsquo;il est son Cr\u00e9ateur, et Le Seul \u00e0 \u00eatre adorer, connaitre le proph\u00e8te Mohammad (PBSL), que c&rsquo;est le messager de Dieu et ledernier des proph\u00e8tes (tout cela par voie orale sans support)<\/strong><\/li>\n<\/ul>\n<h3><span style=\"color: #c0aa04;\"><strong>Activit\u00e9s Coloriage sur la foi musulmane<\/strong><\/span><\/h3>\n<ul>\n<li>Voir Livre Calligraphie Tawhid pour enfants.pdf + Autre supports<\/li>\n<\/ul>\n<h3><span style=\"color: #c0aa04;\"><strong>\u00a0<\/strong><strong>Adorations<\/strong><\/span><\/h3>\n<ul>\n<li>Apprentissageaux ablutions par la pratique<\/li>\n<\/ul>\n<h3><span style=\"color: #c0aa04;\"><strong>\u00a0<\/strong><strong>Invocations<\/strong><\/span><\/h3>\n<ul>\n<li>Livre d\u2019invocations \u00ab\u00a0Les indispensables\u00a0\u00bb<\/li>\n<\/ul>\n<h3><span style=\"color: #c0aa04;\"><strong>Histoire des proph\u00e8tes<\/strong><\/span><\/h3>\n<ul>\n<li>Adam (asl)<a href=\"https:\/\/www.librairie-sana.com\/314-collection-histoires-des-prophetes\">Collection Histoires des Proph\u00e8tes<\/a><\/li>\n<\/ul>\n<h2 style=\"text-align: center;\"><strong>\u00a0<\/strong><strong>\u00a0<\/strong><span style=\"color: #034c24;\"><strong>D\u00e9but Novembre \u2013 Jusqu\u2019\u00e0 fin Janvier<\/strong><\/span><\/h2>\n<h3><strong>\u00a0<\/strong><span style=\"color: #c0aa04;\"><strong>Coran<\/strong><\/span><\/h3>\n<ul>\n<li><strong>Introduction \u00e0 la lecture du Coran <\/strong>: exercice de d\u00e9chiffrement des lettres alphab\u00e9tique arabes\u00a0 s\u00e9par\u00e9es et combin\u00e9es\u00a0 dans le livre <strong>\u00ab\u00a0L\u2019apprentissage du Quran 1\u00e9re partie<\/strong>\u00a0\u00bbavec bonne <em>prononciation (Makharij)\u00a0 (<\/em>(\u0627\u0644\u062d\u0631\u0648\u0641 \u0627\u0644\u0645\u062a\u062d\u0631\u0643\u0629, \u0627\u0644\u062d\u0631\u0648\u0641 \u0627\u0644\u0645\u0646\u0648\u0646\u0629)<em>)<\/em><\/li>\n<li>Apprentissage de la sourate Al-Fatihah<strong>avec une bonne prononciation <\/strong><\/li>\n<\/ul>\n<h3><span style=\"color: #c0aa04;\"><strong>Croyances <\/strong><\/span><\/h3>\n<ul>\n<li><strong>Ancrer au profond de l\u2019enfant l\u2019amour de Dieu etSon Proph\u00e8te (PBSL) et connaitre certains attributs de Dieu notamment qu\u2019il est Omnipotent, et Omniscient,et savoir prononcer le kalimah de Tawhid(par voie orale)<\/strong><\/li>\n<\/ul>\n<h3><span style=\"color: #c0aa04;\"><strong>Activit\u00e9s Coloriage sur la foi musulmane<\/strong><\/span><\/h3>\n<ul>\n<li>Voir Livre Calligraphie Tawhid pour enfants.pdf \u2013 Autre supports \u00e0 pr\u00e9voir<\/li>\n<\/ul>\n<h3><strong>\u00a0<\/strong><span style=\"color: #c0aa04;\"><strong>Adorations<\/strong><\/span><\/h3>\n<ul>\n<li>Apprentissage auxablutions aux piliers de la pri\u00e8re par la pratique. <strong>Explication simple \u00e0 l\u2019oral et par la pratique<\/strong><\/li>\n<\/ul>\n<h3><strong>\u00a0<\/strong><span style=\"color: #c0aa04;\"><strong>Invocations<\/strong><\/span><\/h3>\n<ul>\n<li>Livre d\u2019invocations \u00ab\u00a0Les indispensables\u00a0\u00bb<\/li>\n<\/ul>\n<h3><span style=\"color: #c0aa04;\"><strong>Histoire des proph\u00e8tes<\/strong><\/span><\/h3>\n<ul>\n<li>Idriss (asl) <a href=\"https:\/\/www.librairie-sana.com\/314-collection-histoires-des-prophetes\">Collection Histoires des Proph\u00e8tes<\/a><\/li>\n<\/ul>\n<h2 style=\"text-align: center;\"><strong>\u00a0<\/strong><span style=\"color: #c0aa04;\">********************************************<\/span><\/h2>\n<h2 style=\"text-align: center;\"><span style=\"color: #c0aa04;\"><span style=\"color: #c0aa04;\">LIVRET APPR\u00c9CIATION <\/span><strong style=\"color: #c0aa04;\">DE FIN 1<sup>ER<\/sup> SEMESTRE SUR LE TRAVAIL DE L\u2019ENFANT<\/strong><\/span><\/h2>\n<h2 style=\"text-align: center;\"><span style=\"color: #c0aa04;\"><strong style=\"color: #c0aa04;\">fin Janvier &#8211; d\u00e9but <\/strong><\/span><span style=\"color: #c0aa04;\">F\u00c9VRIER<\/span><\/h2>\n<h2 style=\"text-align: center;\"><span style=\"color: #c0aa04;\">********************************************<\/span><\/h2>\n<h2 style=\"text-align: center;\"><span style=\"color: #034c24;\"><strong>Mi-F\u00e9vrier \u2013 Jusqu\u2019\u00e0 fin Juin<\/strong><\/span><\/h2>\n<h3><strong>\u00a0<\/strong><span style=\"color: #c0aa04;\"><strong>Coran<\/strong><\/span><\/h3>\n<ul>\n<li><strong>Introduction \u00e0 la lecture duCoran<\/strong> : exercice dans le livre <strong>\u00ab\u00a0L\u2019apprentissage du Quran 1\u00e9re partie\u00a0\u00bb<\/strong> avec bonne <em>prononciation<\/em>(Makharij)<\/li>\n<li>Apprentissage de la sourate Al-Fatihah<strong>avec une bonne prononciation et la sourate al ikhlass<\/strong><\/li>\n<\/ul>\n<h3><span style=\"color: #c0aa04;\"><strong>Croyances<\/strong><\/span><\/h3>\n<ul>\n<li><strong>Ancrer au profond de l\u2019enfant l\u2019amour de Dieu et son proph\u00e8te<\/strong><strong>u<\/strong><strong>, Connaitre encore plus les attributs de Dieu, les attributs du Proph\u00e8te Mohammad (PBSL) notamment qu&rsquo;il est le dernier proph\u00e8te (PBSL), qu&rsquo;il est la personne la plus aim\u00e9e devant Dieu et qu&rsquo;il n&rsquo;y a pas de r\u00e9ussite sans suivre ses ordres. <\/strong><\/li>\n<\/ul>\n<h3><span style=\"color: #c0aa04;\"><strong>Activit\u00e9s Coloriage sur la foi musulmane<\/strong><\/span><\/h3>\n<ul>\n<li>Voir Livre Calligraphie Tawhid pour enfants.pdf +Autre supports<\/li>\n<\/ul>\n<h3><strong>\u00a0<\/strong><span style=\"color: #c0aa04;\"><strong>Adorations<\/strong><\/span><\/h3>\n<ul>\n<li><strong>Apprentissage auxablutions etaux piliers de la pri\u00e8re par la pratique et le minimum du Salat \u2018ala nabi voulu dans la pri\u00e8re. Explication simple \u00e0 l\u2019oral et par la pratique.<\/strong><\/li>\n<\/ul>\n<h3><strong>\u00a0<\/strong><span style=\"color: #c0aa04;\"><strong>Histoire des proph\u00e8tes<\/strong><\/span><\/h3>\n<ul>\n<li>Nouh (asl) <a href=\"https:\/\/www.librairie-sana.com\/314-collection-histoires-des-prophetes\">Collection Histoires des Proph\u00e8tes<\/a><\/li>\n<\/ul>\n<p><strong>\u00a0<\/strong><\/p>\n<h2 style=\"text-align: center;\"><span style=\"color: #c0aa04;\">********************************************<\/span><\/h2>\n<h2 style=\"text-align: center;\"><span style=\"color: #c0aa04;\"><strong>LIVRET D\u2019APPRECIATION DE FIN 2\u00e8me SEMESTRE SUR LE TRAVAIL DE L\u2019ENFANT<\/strong><\/span><\/h2>\n<h2 style=\"text-align: center;\"><span style=\"color: #c0aa04;\"><strong>du 1 au 15 JUIN<\/strong><\/span><\/h2>\n<h2 style=\"text-align: center;\"><span style=\"color: #c0aa04;\">********************************************<\/span><\/h2>\n<h2 style=\"text-align: center;\"><\/h2>\n","protected":false},"excerpt":{"rendered":"<p>Programme Annuel \u2013 Classe Maternelles D\u00e9but Septembre \u2013 Jusqu\u2019\u00e0 fin Octobre \u00a0Coran Introduction \u00e0 la lecture du Coran :D\u00e9chiffrer les lettres alphab\u00e9tiques arabes s\u00e9par\u00e9es et combin\u00e9es dans le livre \u00ab\u00a0L\u2019apprentissage du Quran 1\u00e9re partie\u00bb Exercices de prononciation (Makharij) des lettres&hellip; <br \/><a class=\"read-more-button\" href=\"https:\/\/mosqueenogentsuroise.fr\/index.php\/nos-activites\/cours-pour-enfants\/programme-annuel-debutants-2\/\">Savoir plus<\/a><\/p>\n","protected":false},"author":1,"featured_media":0,"parent":215,"menu_order":0,"comment_status":"closed","ping_status":"closed","template":"","meta":{"give_campaign_id":0,"_monsterinsights_skip_tracking":false,"_monsterinsights_sitenote_active":false,"_monsterinsights_sitenote_note":"","_monsterinsights_sitenote_category":0,"footnotes":""},"class_list":["post-537","page","type-page","status-publish","hentry"],"yoast_head":"<!-- This site is optimized with the Yoast SEO plugin v27.4 - https:\/\/yoast.com\/product\/yoast-seo-wordpress\/ -->\n<title>Programme annuel des maternelles - Mosqu\u00e9e de Nogent sur Oise<\/title>\n<meta name=\"robots\" content=\"index, follow, max-snippet:-1, max-image-preview:large, max-video-preview:-1\" \/>\n<link rel=\"canonical\" href=\"https:\/\/mosqueenogentsuroise.fr\/index.php\/nos-activites\/cours-pour-enfants\/programme-annuel-debutants-2\/\" \/>\n<meta property=\"og:locale\" content=\"fr_FR\" \/>\n<meta property=\"og:type\" content=\"article\" \/>\n<meta property=\"og:title\" content=\"Programme annuel des maternelles - Mosqu\u00e9e de Nogent sur Oise\" \/>\n<meta property=\"og:description\" content=\"Programme Annuel \u2013 Classe Maternelles D\u00e9but Septembre \u2013 Jusqu\u2019\u00e0 fin Octobre \u00a0Coran Introduction \u00e0 la lecture du Coran :D\u00e9chiffrer les lettres alphab\u00e9tiques arabes s\u00e9par\u00e9es et combin\u00e9es dans le livre \u00ab\u00a0L\u2019apprentissage du Quran 1\u00e9re partie\u00bb Exercices de prononciation (Makharij) des lettres&hellip; Savoir plus\" \/>\n<meta property=\"og:url\" content=\"https:\/\/mosqueenogentsuroise.fr\/index.php\/nos-activites\/cours-pour-enfants\/programme-annuel-debutants-2\/\" \/>\n<meta property=\"og:site_name\" content=\"Mosqu\u00e9e de Nogent sur Oise\" \/>\n<meta property=\"article:modified_time\" content=\"2021-04-19T12:14:26+00:00\" \/>\n<meta name=\"twitter:card\" content=\"summary_large_image\" \/>\n<meta name=\"twitter:label1\" content=\"Dur\u00e9e de lecture estim\u00e9e\" \/>\n\t<meta name=\"twitter:data1\" content=\"2 minutes\" \/>\n<script type=\"application\/ld+json\" class=\"yoast-schema-graph\">{\"@context\":\"https:\\\/\\\/schema.org\",\"@graph\":[{\"@type\":\"WebPage\",\"@id\":\"https:\\\/\\\/mosqueenogentsuroise.fr\\\/index.php\\\/nos-activites\\\/cours-pour-enfants\\\/programme-annuel-debutants-2\\\/\",\"url\":\"https:\\\/\\\/mosqueenogentsuroise.fr\\\/index.php\\\/nos-activites\\\/cours-pour-enfants\\\/programme-annuel-debutants-2\\\/\",\"name\":\"Programme annuel des maternelles - Mosqu\u00e9e de Nogent sur Oise\",\"isPartOf\":{\"@id\":\"https:\\\/\\\/mosqueenogentsuroise.fr\\\/#website\"},\"datePublished\":\"2019-10-03T21:26:56+00:00\",\"dateModified\":\"2021-04-19T12:14:26+00:00\",\"breadcrumb\":{\"@id\":\"https:\\\/\\\/mosqueenogentsuroise.fr\\\/index.php\\\/nos-activites\\\/cours-pour-enfants\\\/programme-annuel-debutants-2\\\/#breadcrumb\"},\"inLanguage\":\"fr-FR\",\"potentialAction\":[{\"@type\":\"ReadAction\",\"target\":[\"https:\\\/\\\/mosqueenogentsuroise.fr\\\/index.php\\\/nos-activites\\\/cours-pour-enfants\\\/programme-annuel-debutants-2\\\/\"]}]},{\"@type\":\"BreadcrumbList\",\"@id\":\"https:\\\/\\\/mosqueenogentsuroise.fr\\\/index.php\\\/nos-activites\\\/cours-pour-enfants\\\/programme-annuel-debutants-2\\\/#breadcrumb\",\"itemListElement\":[{\"@type\":\"ListItem\",\"position\":1,\"name\":\"Accueil\",\"item\":\"https:\\\/\\\/mosqueenogentsuroise.fr\\\/\"},{\"@type\":\"ListItem\",\"position\":2,\"name\":\"Nos activit\u00e9s\",\"item\":\"https:\\\/\\\/mosqueenogentsuroise.fr\\\/index.php\\\/nos-activites\\\/\"},{\"@type\":\"ListItem\",\"position\":3,\"name\":\"Cours pour enfants\",\"item\":\"https:\\\/\\\/mosqueenogentsuroise.fr\\\/index.php\\\/nos-activites\\\/cours-pour-enfants\\\/\"},{\"@type\":\"ListItem\",\"position\":4,\"name\":\"Programme annuel des maternelles\"}]},{\"@type\":\"WebSite\",\"@id\":\"https:\\\/\\\/mosqueenogentsuroise.fr\\\/#website\",\"url\":\"https:\\\/\\\/mosqueenogentsuroise.fr\\\/\",\"name\":\"Mosqu\u00e9e de Nogent sur Oise\",\"description\":\"\",\"potentialAction\":[{\"@type\":\"SearchAction\",\"target\":{\"@type\":\"EntryPoint\",\"urlTemplate\":\"https:\\\/\\\/mosqueenogentsuroise.fr\\\/?s={search_term_string}\"},\"query-input\":{\"@type\":\"PropertyValueSpecification\",\"valueRequired\":true,\"valueName\":\"search_term_string\"}}],\"inLanguage\":\"fr-FR\"}]}<\/script>\n<!-- \/ Yoast SEO plugin. -->","yoast_head_json":{"title":"Programme annuel des maternelles - Mosqu\u00e9e de Nogent sur Oise","robots":{"index":"index","follow":"follow","max-snippet":"max-snippet:-1","max-image-preview":"max-image-preview:large","max-video-preview":"max-video-preview:-1"},"canonical":"https:\/\/mosqueenogentsuroise.fr\/index.php\/nos-activites\/cours-pour-enfants\/programme-annuel-debutants-2\/","og_locale":"fr_FR","og_type":"article","og_title":"Programme annuel des maternelles - Mosqu\u00e9e de Nogent sur Oise","og_description":"Programme Annuel \u2013 Classe Maternelles D\u00e9but Septembre \u2013 Jusqu\u2019\u00e0 fin Octobre \u00a0Coran Introduction \u00e0 la lecture du Coran :D\u00e9chiffrer les lettres alphab\u00e9tiques arabes s\u00e9par\u00e9es et combin\u00e9es dans le livre \u00ab\u00a0L\u2019apprentissage du Quran 1\u00e9re partie\u00bb Exercices de prononciation (Makharij) des lettres&hellip; Savoir plus","og_url":"https:\/\/mosqueenogentsuroise.fr\/index.php\/nos-activites\/cours-pour-enfants\/programme-annuel-debutants-2\/","og_site_name":"Mosqu\u00e9e de Nogent sur Oise","article_modified_time":"2021-04-19T12:14:26+00:00","twitter_card":"summary_large_image","twitter_misc":{"Dur\u00e9e de lecture estim\u00e9e":"2 minutes"},"schema":{"@context":"https:\/\/schema.org","@graph":[{"@type":"WebPage","@id":"https:\/\/mosqueenogentsuroise.fr\/index.php\/nos-activites\/cours-pour-enfants\/programme-annuel-debutants-2\/","url":"https:\/\/mosqueenogentsuroise.fr\/index.php\/nos-activites\/cours-pour-enfants\/programme-annuel-debutants-2\/","name":"Programme annuel des maternelles - Mosqu\u00e9e de Nogent sur Oise","isPartOf":{"@id":"https:\/\/mosqueenogentsuroise.fr\/#website"},"datePublished":"2019-10-03T21:26:56+00:00","dateModified":"2021-04-19T12:14:26+00:00","breadcrumb":{"@id":"https:\/\/mosqueenogentsuroise.fr\/index.php\/nos-activites\/cours-pour-enfants\/programme-annuel-debutants-2\/#breadcrumb"},"inLanguage":"fr-FR","potentialAction":[{"@type":"ReadAction","target":["https:\/\/mosqueenogentsuroise.fr\/index.php\/nos-activites\/cours-pour-enfants\/programme-annuel-debutants-2\/"]}]},{"@type":"BreadcrumbList","@id":"https:\/\/mosqueenogentsuroise.fr\/index.php\/nos-activites\/cours-pour-enfants\/programme-annuel-debutants-2\/#breadcrumb","itemListElement":[{"@type":"ListItem","position":1,"name":"Accueil","item":"https:\/\/mosqueenogentsuroise.fr\/"},{"@type":"ListItem","position":2,"name":"Nos activit\u00e9s","item":"https:\/\/mosqueenogentsuroise.fr\/index.php\/nos-activites\/"},{"@type":"ListItem","position":3,"name":"Cours pour enfants","item":"https:\/\/mosqueenogentsuroise.fr\/index.php\/nos-activites\/cours-pour-enfants\/"},{"@type":"ListItem","position":4,"name":"Programme annuel des maternelles"}]},{"@type":"WebSite","@id":"https:\/\/mosqueenogentsuroise.fr\/#website","url":"https:\/\/mosqueenogentsuroise.fr\/","name":"Mosqu\u00e9e de Nogent sur Oise","description":"","potentialAction":[{"@type":"SearchAction","target":{"@type":"EntryPoint","urlTemplate":"https:\/\/mosqueenogentsuroise.fr\/?s={search_term_string}"},"query-input":{"@type":"PropertyValueSpecification","valueRequired":true,"valueName":"search_term_string"}}],"inLanguage":"fr-FR"}]}},"campaignId":"","_links":{"self":[{"href":"https:\/\/mosqueenogentsuroise.fr\/index.php\/wp-json\/wp\/v2\/pages\/537","targetHints":{"allow":["GET"]}}],"collection":[{"href":"https:\/\/mosqueenogentsuroise.fr\/index.php\/wp-json\/wp\/v2\/pages"}],"about":[{"href":"https:\/\/mosqueenogentsuroise.fr\/index.php\/wp-json\/wp\/v2\/types\/page"}],"author":[{"embeddable":true,"href":"https:\/\/mosqueenogentsuroise.fr\/index.php\/wp-json\/wp\/v2\/users\/1"}],"replies":[{"embeddable":true,"href":"https:\/\/mosqueenogentsuroise.fr\/index.php\/wp-json\/wp\/v2\/comments?post=537"}],"version-history":[{"count":7,"href":"https:\/\/mosqueenogentsuroise.fr\/index.php\/wp-json\/wp\/v2\/pages\/537\/revisions"}],"predecessor-version":[{"id":1030,"href":"https:\/\/mosqueenogentsuroise.fr\/index.php\/wp-json\/wp\/v2\/pages\/537\/revisions\/1030"}],"up":[{"embeddable":true,"href":"https:\/\/mosqueenogentsuroise.fr\/index.php\/wp-json\/wp\/v2\/pages\/215"}],"wp:attachment":[{"href":"https:\/\/mosqueenogentsuroise.fr\/index.php\/wp-json\/wp\/v2\/media?parent=537"}],"curies":[{"name":"wp","href":"https:\/\/api.w.org\/{rel}","templated":true}]}}