{"id":230,"date":"2017-08-26T23:42:20","date_gmt":"2017-08-26T21:42:20","guid":{"rendered":"https:\/\/mosqueenogentsuroise.fr\/?page_id=230"},"modified":"2025-06-02T13:39:22","modified_gmt":"2025-06-02T11:39:22","slug":"cours-pour-adultes","status":"publish","type":"page","link":"https:\/\/mosqueenogentsuroise.fr\/index.php\/nos-activites\/cours-pour-adultes\/","title":{"rendered":"Cours pour adultes"},"content":{"rendered":"<p>L\u2019Association Nogentaise d\u2019\u00c9changes Culturels (ANEC) organise aussi des cours d\u2019apprentissage de la langue arabe et du Coran pour adultes.<\/p>\n<p>Les cours \u00e0 destination des <strong>adultes<\/strong> se d\u00e9roulent du mois de septembre 2025 au mois de juin 2026.<\/p>\n<p><span style=\"color: #034c24;\"><strong>Vous pouvez saisir votre demande d&rsquo;inscription via le lien suivant : <a href=\"https:\/\/mosqueenogentsuroise.fr\/inscription-adulte\">inscription<\/a><\/strong><\/span><\/p>\n<p>Pour plus d&rsquo;informations, n&rsquo;h\u00e9sitez pas \u00e0 contacter la madrassa par mail \u00e0 l&rsquo;adresse suivante : <a href=\"mailto:madrassa@mosqueenogentsuroise.fr\">madrassa@mosqueenogentsuroise.fr<\/a><\/p>\n<p><strong><span style=\"color: #ff0000;\">ATTENTION<\/span> : la cotisation annuelle s&rsquo;\u00e9l\u00e8ve \u00e0 300\u20ac. Cette cotisation est due m\u00eame en cas d&rsquo;arr\u00eat en cours d&rsquo;ann\u00e9e.<\/strong><\/p>\n<h1><span style=\"color: #034c00;\">Cours pour femmes<\/span><\/h1>\n<p>Les cours pour femmes ont lieu :<\/p>\n<ul>\n<li>soit en semaine le mardi matin et jeudi matin<\/li>\n<li>soit en weekend le samedi matin et dimanche matin<\/li>\n<\/ul>\n<p>La cotisation annuelle s&rsquo;\u00e9l\u00e8ve \u00e0 300\u20ac. Cette cotisation est due m\u00eame en cas d&rsquo;arr\u00eat en cours d&rsquo;ann\u00e9e.<\/p>\n<h1 class=\"m_-8304133288825790379gmail-MsoListParagraphCxSpMiddle\"><span lang=\"FR\" style=\"color: #034c24;\">Programme annuel des cours pour femmes<\/span><\/h1>\n<p>Le programme sera mis en ligne prochainement inchaaAllah<\/p>\n<h1><span style=\"color: #034c00;\">Cours pour hommes<\/span><\/h1>\n<p>Les cours pour hommes en lieu le soir en semaine \u00e0 raison de 2 fois par semaine.<\/p>\n<h1><span style=\"color: #034c00;\">Programme annuel des cours pour hommes<\/span><\/h1>\n<p>Le programme sera mis en ligne prochainement inchaaAllah<\/p>\n","protected":false},"excerpt":{"rendered":"<p>L\u2019Association Nogentaise d\u2019\u00c9changes Culturels (ANEC) organise aussi des cours d\u2019apprentissage de la langue arabe et du Coran pour adultes. Les cours \u00e0 destination des adultes se d\u00e9roulent du mois de septembre 2025 au mois de juin 2026. Vous pouvez saisir&hellip; <br \/><a class=\"read-more-button\" href=\"https:\/\/mosqueenogentsuroise.fr\/index.php\/nos-activites\/cours-pour-adultes\/\">Savoir plus<\/a><\/p>\n","protected":false},"author":1,"featured_media":0,"parent":213,"menu_order":2,"comment_status":"closed","ping_status":"closed","template":"","meta":{"give_campaign_id":0,"_monsterinsights_skip_tracking":false,"_monsterinsights_sitenote_active":false,"_monsterinsights_sitenote_note":"","_monsterinsights_sitenote_category":0,"footnotes":""},"class_list":["post-230","page","type-page","status-publish","hentry"],"yoast_head":"<!-- This site is optimized with the Yoast SEO plugin v27.4 - https:\/\/yoast.com\/product\/yoast-seo-wordpress\/ -->\n<title>Cours pour adultes - Mosqu\u00e9e de Nogent sur Oise<\/title>\n<meta name=\"robots\" content=\"index, follow, max-snippet:-1, max-image-preview:large, max-video-preview:-1\" \/>\n<link rel=\"canonical\" href=\"https:\/\/mosqueenogentsuroise.fr\/index.php\/nos-activites\/cours-pour-adultes\/\" \/>\n<meta property=\"og:locale\" content=\"fr_FR\" \/>\n<meta property=\"og:type\" content=\"article\" \/>\n<meta property=\"og:title\" content=\"Cours pour adultes - Mosqu\u00e9e de Nogent sur Oise\" \/>\n<meta property=\"og:description\" content=\"L\u2019Association Nogentaise d\u2019\u00c9changes Culturels (ANEC) organise aussi des cours d\u2019apprentissage de la langue arabe et du Coran pour adultes. Les cours \u00e0 destination des adultes se d\u00e9roulent du mois de septembre 2025 au mois de juin 2026. Vous pouvez saisir&hellip; Savoir plus\" \/>\n<meta property=\"og:url\" content=\"https:\/\/mosqueenogentsuroise.fr\/index.php\/nos-activites\/cours-pour-adultes\/\" \/>\n<meta property=\"og:site_name\" content=\"Mosqu\u00e9e de Nogent sur Oise\" \/>\n<meta property=\"article:modified_time\" content=\"2025-06-02T11:39:22+00:00\" \/>\n<meta name=\"twitter:card\" content=\"summary_large_image\" \/>\n<meta name=\"twitter:label1\" content=\"Dur\u00e9e de lecture estim\u00e9e\" \/>\n\t<meta name=\"twitter:data1\" content=\"1 minute\" \/>\n<script type=\"application\/ld+json\" class=\"yoast-schema-graph\">{\"@context\":\"https:\\\/\\\/schema.org\",\"@graph\":[{\"@type\":\"WebPage\",\"@id\":\"https:\\\/\\\/mosqueenogentsuroise.fr\\\/index.php\\\/nos-activites\\\/cours-pour-adultes\\\/\",\"url\":\"https:\\\/\\\/mosqueenogentsuroise.fr\\\/index.php\\\/nos-activites\\\/cours-pour-adultes\\\/\",\"name\":\"Cours pour adultes - Mosqu\u00e9e de Nogent sur Oise\",\"isPartOf\":{\"@id\":\"https:\\\/\\\/mosqueenogentsuroise.fr\\\/#website\"},\"datePublished\":\"2017-08-26T21:42:20+00:00\",\"dateModified\":\"2025-06-02T11:39:22+00:00\",\"breadcrumb\":{\"@id\":\"https:\\\/\\\/mosqueenogentsuroise.fr\\\/index.php\\\/nos-activites\\\/cours-pour-adultes\\\/#breadcrumb\"},\"inLanguage\":\"fr-FR\",\"potentialAction\":[{\"@type\":\"ReadAction\",\"target\":[\"https:\\\/\\\/mosqueenogentsuroise.fr\\\/index.php\\\/nos-activites\\\/cours-pour-adultes\\\/\"]}]},{\"@type\":\"BreadcrumbList\",\"@id\":\"https:\\\/\\\/mosqueenogentsuroise.fr\\\/index.php\\\/nos-activites\\\/cours-pour-adultes\\\/#breadcrumb\",\"itemListElement\":[{\"@type\":\"ListItem\",\"position\":1,\"name\":\"Accueil\",\"item\":\"https:\\\/\\\/mosqueenogentsuroise.fr\\\/\"},{\"@type\":\"ListItem\",\"position\":2,\"name\":\"Nos activit\u00e9s\",\"item\":\"https:\\\/\\\/mosqueenogentsuroise.fr\\\/index.php\\\/nos-activites\\\/\"},{\"@type\":\"ListItem\",\"position\":3,\"name\":\"Cours pour adultes\"}]},{\"@type\":\"WebSite\",\"@id\":\"https:\\\/\\\/mosqueenogentsuroise.fr\\\/#website\",\"url\":\"https:\\\/\\\/mosqueenogentsuroise.fr\\\/\",\"name\":\"Mosqu\u00e9e de Nogent sur Oise\",\"description\":\"\",\"potentialAction\":[{\"@type\":\"SearchAction\",\"target\":{\"@type\":\"EntryPoint\",\"urlTemplate\":\"https:\\\/\\\/mosqueenogentsuroise.fr\\\/?s={search_term_string}\"},\"query-input\":{\"@type\":\"PropertyValueSpecification\",\"valueRequired\":true,\"valueName\":\"search_term_string\"}}],\"inLanguage\":\"fr-FR\"}]}<\/script>\n<!-- \/ Yoast SEO plugin. -->","yoast_head_json":{"title":"Cours pour adultes - Mosqu\u00e9e de Nogent sur Oise","robots":{"index":"index","follow":"follow","max-snippet":"max-snippet:-1","max-image-preview":"max-image-preview:large","max-video-preview":"max-video-preview:-1"},"canonical":"https:\/\/mosqueenogentsuroise.fr\/index.php\/nos-activites\/cours-pour-adultes\/","og_locale":"fr_FR","og_type":"article","og_title":"Cours pour adultes - Mosqu\u00e9e de Nogent sur Oise","og_description":"L\u2019Association Nogentaise d\u2019\u00c9changes Culturels (ANEC) organise aussi des cours d\u2019apprentissage de la langue arabe et du Coran pour adultes. Les cours \u00e0 destination des adultes se d\u00e9roulent du mois de septembre 2025 au mois de juin 2026. Vous pouvez saisir&hellip; Savoir plus","og_url":"https:\/\/mosqueenogentsuroise.fr\/index.php\/nos-activites\/cours-pour-adultes\/","og_site_name":"Mosqu\u00e9e de Nogent sur Oise","article_modified_time":"2025-06-02T11:39:22+00:00","twitter_card":"summary_large_image","twitter_misc":{"Dur\u00e9e de lecture estim\u00e9e":"1 minute"},"schema":{"@context":"https:\/\/schema.org","@graph":[{"@type":"WebPage","@id":"https:\/\/mosqueenogentsuroise.fr\/index.php\/nos-activites\/cours-pour-adultes\/","url":"https:\/\/mosqueenogentsuroise.fr\/index.php\/nos-activites\/cours-pour-adultes\/","name":"Cours pour adultes - Mosqu\u00e9e de Nogent sur Oise","isPartOf":{"@id":"https:\/\/mosqueenogentsuroise.fr\/#website"},"datePublished":"2017-08-26T21:42:20+00:00","dateModified":"2025-06-02T11:39:22+00:00","breadcrumb":{"@id":"https:\/\/mosqueenogentsuroise.fr\/index.php\/nos-activites\/cours-pour-adultes\/#breadcrumb"},"inLanguage":"fr-FR","potentialAction":[{"@type":"ReadAction","target":["https:\/\/mosqueenogentsuroise.fr\/index.php\/nos-activites\/cours-pour-adultes\/"]}]},{"@type":"BreadcrumbList","@id":"https:\/\/mosqueenogentsuroise.fr\/index.php\/nos-activites\/cours-pour-adultes\/#breadcrumb","itemListElement":[{"@type":"ListItem","position":1,"name":"Accueil","item":"https:\/\/mosqueenogentsuroise.fr\/"},{"@type":"ListItem","position":2,"name":"Nos activit\u00e9s","item":"https:\/\/mosqueenogentsuroise.fr\/index.php\/nos-activites\/"},{"@type":"ListItem","position":3,"name":"Cours pour adultes"}]},{"@type":"WebSite","@id":"https:\/\/mosqueenogentsuroise.fr\/#website","url":"https:\/\/mosqueenogentsuroise.fr\/","name":"Mosqu\u00e9e de Nogent sur Oise","description":"","potentialAction":[{"@type":"SearchAction","target":{"@type":"EntryPoint","urlTemplate":"https:\/\/mosqueenogentsuroise.fr\/?s={search_term_string}"},"query-input":{"@type":"PropertyValueSpecification","valueRequired":true,"valueName":"search_term_string"}}],"inLanguage":"fr-FR"}]}},"campaignId":"","_links":{"self":[{"href":"https:\/\/mosqueenogentsuroise.fr\/index.php\/wp-json\/wp\/v2\/pages\/230","targetHints":{"allow":["GET"]}}],"collection":[{"href":"https:\/\/mosqueenogentsuroise.fr\/index.php\/wp-json\/wp\/v2\/pages"}],"about":[{"href":"https:\/\/mosqueenogentsuroise.fr\/index.php\/wp-json\/wp\/v2\/types\/page"}],"author":[{"embeddable":true,"href":"https:\/\/mosqueenogentsuroise.fr\/index.php\/wp-json\/wp\/v2\/users\/1"}],"replies":[{"embeddable":true,"href":"https:\/\/mosqueenogentsuroise.fr\/index.php\/wp-json\/wp\/v2\/comments?post=230"}],"version-history":[{"count":12,"href":"https:\/\/mosqueenogentsuroise.fr\/index.php\/wp-json\/wp\/v2\/pages\/230\/revisions"}],"predecessor-version":[{"id":1471,"href":"https:\/\/mosqueenogentsuroise.fr\/index.php\/wp-json\/wp\/v2\/pages\/230\/revisions\/1471"}],"up":[{"embeddable":true,"href":"https:\/\/mosqueenogentsuroise.fr\/index.php\/wp-json\/wp\/v2\/pages\/213"}],"wp:attachment":[{"href":"https:\/\/mosqueenogentsuroise.fr\/index.php\/wp-json\/wp\/v2\/media?parent=230"}],"curies":[{"name":"wp","href":"https:\/\/api.w.org\/{rel}","templated":true}]}}