{"id":224,"date":"2017-08-26T23:34:40","date_gmt":"2017-08-26T21:34:40","guid":{"rendered":"https:\/\/mosqueenogentsuroise.fr\/?page_id=224"},"modified":"2023-05-07T13:03:53","modified_gmt":"2023-05-07T11:03:53","slug":"programme-annuel-intermediaires","status":"publish","type":"page","link":"https:\/\/mosqueenogentsuroise.fr\/index.php\/nos-activites\/cours-pour-enfants\/programme-annuel-intermediaires\/","title":{"rendered":"Programme annuel des interm\u00e9diaires"},"content":{"rendered":"<h1 style=\"text-align: center;\"><span style=\"color: #c0aa04;\">Programme Annuel \u2013 Classe Interm\u00e9diaires<\/span><\/h1>\n<h2 style=\"text-align: center;\"><strong><span style=\"color: #034c24;\">D\u00e9but Septembre \u2013 Jusqu\u2019\u00e0 fin Octobre<\/span>\u00a0<\/strong><\/h2>\n<h3><span style=\"color: #c0aa04;\"><strong>Coran<\/strong><\/span><\/h3>\n<ul>\n<li><b>Approfondissement de la ma\u00eetrise de la lecture du Coran : <\/b><\/li>\n<li>Finir les exercices et le\u00e7ons <strong>du livre les r\u00e8gles lumineuses (Qa\u2019ida Nourani) <\/strong><\/li>\n<li>Maitriser la prononciation (Tajwid) du Qa\u2019ida Nourani<\/li>\n<li>Commencer \u00e0 d\u00e9chiffrer, <strong>en lisant<\/strong>, depuis la sourate Al Fatiha jusqu\u2019\u00e0 sourate al Alaaq avec Tajwid<\/li>\n<li>Ma\u00eetriser les r\u00e8gles de Tajwid noun sakina et tanwin (izhar,idgham) <a href=\"https:\/\/www.librairie-sana.com\/science-du-tajwid\/7917-le-tajwid-simplifie-nouvelle-approche-niveaux-1-2-de-livre-farid-ouyalize-tajwid-coran-9782356330178.html\">Livre Le Tajwid Simplifi\u00e9<\/a><\/li>\n<li>Connaitre le reste de r\u00e8gles de lecture non mentionn\u00e9es dans le Qua\u2019ida Nouraniah( les lettres muettes)<\/li>\n<li>Apprendre par c\u0153ur avec Tajwid depuis la Sourate Fatihah jusqu\u2019\u00e0 la sourate lahab<\/li>\n<\/ul>\n<h3><span style=\"color: #c0aa04;\"><strong>Croyances <\/strong><\/span><\/h3>\n<ul>\n<li>Croyances islamiques 2<sup>\u00e8me<\/sup> partie\n<ul>\n<li>Les dates islamiques importantes<\/li>\n<li>Le koufr et le shirk, la bid\u2019ate<\/li>\n<li>Les quatres imams<\/li>\n<li>Les livres c\u00e9l\u00e8bres de la religion musulmane<\/li>\n<\/ul>\n<\/li>\n<\/ul>\n<p><span style=\"color: #c0aa04;\"><strong style=\"font-size: 1.4em;\">Adorations<\/strong><\/span><\/p>\n<ul>\n<li>Apprentissage aux ablutions par la pratique -Livre adorations Mukhta\u00e7ar Al-Akhdari Fi Al-\u2018Ibadat jusqu\u2019au chapitre sur les ablutions<\/li>\n<\/ul>\n<h3><span style=\"color: #c0aa04;\"><strong>Invocations<\/strong><\/span><\/h3>\n<ul>\n<li>Livre d\u2019invocations \u00ab\u00a0Les indispensables\u00a0\u00bb<\/li>\n<\/ul>\n<h3><strong>\u00a0<\/strong><span style=\"color: #c0aa04;\"><strong>Histoire des Proph\u00e8te (PBSL)<\/strong><\/span><\/h3>\n<ul>\n<li>Adapter en fonction de l\u2019avancement de la classe d\u00e9butant &#8211; <a href=\"https:\/\/www.librairie-sana.com\/314-collection-histoires-des-prophetes\">Collection Histoires des Proph\u00e8tes<\/a><\/li>\n<li><strong>\u00a0<\/strong><strong>Visualisation du documentaire \u00ab\u00a0Voyage avec le Coran Saison 2\u00a0\u00bb<\/strong><\/li>\n<li>Ponctuellement selon l\u2019avancement du programme<\/li>\n<\/ul>\n<h2 style=\"text-align: center;\"><strong>\u00a0<span style=\"color: #034c24;\">D\u00e9but Novembre \u2013 Jusqu\u2019\u00e0 fin Janvier<\/span><\/strong><\/h2>\n<h3><span style=\"color: #c0aa04;\"><strong>Coran<\/strong><\/span><\/h3>\n<ul>\n<li>Commencer \u00e0 d\u00e9chiffrer, en lisant, depuis la sourate Al \u2018Alaq jusqu\u2019\u00e0la sourateAl Bourouj avec Tajwid<\/li>\n<li>R\u00e8gles de Tajwid noun sakina et tanwin (izhar,idgham; iqlab) support <a href=\"https:\/\/www.librairie-sana.com\/science-du-tajwid\/7917-le-tajwid-simplifie-nouvelle-approche-niveaux-1-2-de-livre-farid-ouyalize-tajwid-coran-9782356330178.html\">Livre Le Tajwid Simplifi\u00e9<\/a><\/li>\n<li>Connaitre le reste des r\u00e8gles de lecture non mentionn\u00e9e dans le Qua\u2019ida Nouraniah( les lettres muettes)<\/li>\n<li>Apprendre par c\u0153ur avec Tajwid depuis la sourate Fatihah jusqu\u2019\u00e0 la sourate Al Kafiroun<\/li>\n<\/ul>\n<h3><span style=\"color: #c0aa04;\"><strong>Croyance<\/strong><\/span><\/h3>\n<ul>\n<li>Croyances islamiques 3<sup>\u00e8me<\/sup> partie\n<ul>\n<li>Les pieuses \u00e9pouses du Proph\u00e8te<\/li>\n<li>Les grands p\u00e9ch\u00e9s<\/li>\n<\/ul>\n<\/li>\n<\/ul>\n<h3><span style=\"color: #c0aa04;\"><strong>Adorations<\/strong><\/span><\/h3>\n<ul>\n<li>Apprentissage au Tayamoum par la pratique -Livre adorations Mukhta\u00e7ar Al-Akhdari Fi Al-\u2018Ibadat jusqu\u2019au chapitre sur le Tayamoum<\/li>\n<\/ul>\n<h3><span style=\"color: #c0aa04;\"><strong>Invocations<\/strong><\/span><\/h3>\n<ul>\n<li>Livre d\u2019invocations \u00ab\u00a0Les indispensables\u00a0\u00bb<\/li>\n<\/ul>\n<h3><span style=\"color: #c0aa04;\"><strong>\u00a0<\/strong><strong>Histoire des Proph\u00e8te (PBSL)<\/strong><\/span><\/h3>\n<ul>\n<li>Adapter en fonction de l\u2019avancement de la classe d\u00e9butant &#8211; <a href=\"https:\/\/www.librairie-sana.com\/314-collection-histoires-des-prophetes\">Collection Histoires des Proph\u00e8tes<\/a><\/li>\n<li><strong>Visualisation du documentaire \u00ab\u00a0Voyage avec le Coran Saison 2\u00a0\u00bb<\/strong><\/li>\n<li>Ponctuellement selon l\u2019avancement du programme<\/li>\n<\/ul>\n<h2 style=\"text-align: center;\"><span style=\"color: #c0aa04;\">********************************************<\/span><\/h2>\n<h2 style=\"text-align: center;\"><span style=\"color: #c0aa04;\"><span style=\"color: #c0aa04;\">\u00c9VALUATION<\/span><strong style=\"color: #c0aa04;\">\u00a0FIN 1<sup>ER<\/sup> SEMESTRE <\/strong><\/span><\/h2>\n<h2 style=\"text-align: center;\"><span style=\"color: #c0aa04;\"><strong>fin JANVIER &#8211; d\u00e9but FEVRIER<\/strong><\/span><\/h2>\n<h2 style=\"text-align: center;\"><span style=\"color: #c0aa04;\">********************************************<\/span><\/h2>\n<h2 style=\"text-align: center;\"><span style=\"color: #034c24;\"><strong>Mi-F\u00e9vrier \u2013 Jusqu\u2019\u00e0 fin Juin <\/strong><\/span><\/h2>\n<h3><strong>\u00a0<\/strong><span style=\"color: #c0aa04;\"><strong>Coran<\/strong><\/span><\/h3>\n<ul>\n<li><strong>\u00a0<\/strong>D\u00e9chiffrer, en lisant, depuis la sourate Al Inchiqaaq jusqu\u00a0\u00bba sourate al Nabaa avec Tajwid<\/li>\n<li>Connaitre le reste des r\u00e8gles de lecture non mentionn\u00e9es dans le quaidah nouraniah( les lettres muettes, r\u00e8gle d&rsquo;arr\u00eat etc..)<\/li>\n<li>Ma\u00eetriser les r\u00e8gles de Tajwid noun sakina et tanwin (izhar,idgham) <a href=\"https:\/\/www.librairie-sana.com\/science-du-tajwid\/7917-le-tajwid-simplifie-nouvelle-approche-niveaux-1-2-de-livre-farid-ouyalize-tajwid-coran-9782356330178.html\">Livre Le Tajwid Simplifi\u00e9<\/a><\/li>\n<li>Apprendre par c\u0153ur avec Tajwid depuis la sourateAl Fatihahjusqu\u2019\u00e0 la sourate Al Fil<\/li>\n<\/ul>\n<h3><span style=\"color: #c0aa04;\"><strong>Croyance<\/strong><\/span><\/h3>\n<ul>\n<li>Croyances islamiques 3<sup>\u00e8me<\/sup> partie\n<ul>\n<li>Le d\u00e9laissement de la pri\u00e8re<\/li>\n<li>Le repentir<\/li>\n<li>Le Proph\u00e8te (PBSL)<\/li>\n<\/ul>\n<\/li>\n<\/ul>\n<h3><span style=\"color: #c0aa04;\"><strong>\u00a0<\/strong><strong>Adorations<\/strong><\/span><\/h3>\n<ul>\n<li>Livre adorations Mukhta\u00e7ar Al-Akhdari Fi Al-\u2018Ibadat jusqu\u2019au chapitre sur le Niffass<\/li>\n<\/ul>\n<h3><span style=\"color: #c0aa04;\"><strong>Invocations<\/strong><\/span><\/h3>\n<ul>\n<li>Livre d\u2019invocations \u00ab\u00a0Les indispensables\u00a0\u00bb<\/li>\n<\/ul>\n<h3><strong>\u00a0<\/strong><span style=\"color: #c0aa04;\"><strong>Histoire des Proph\u00e8te (PBSL)<\/strong><\/span><\/h3>\n<ul>\n<li>Adapter en fonction de l\u2019avancement de la classe d\u00e9butant &#8211; <a href=\"https:\/\/www.librairie-sana.com\/314-collection-histoires-des-prophetes\">Collection Histoires des Proph\u00e8tes<\/a><\/li>\n<li><strong>Visualisation du documentaire \u00ab\u00a0Voyage avec le Coran Saison 2\u00a0\u00bb<\/strong><\/li>\n<li>Ponctuellement selon l\u2019avancement du programme<\/li>\n<\/ul>\n<h2 style=\"text-align: center;\"><span style=\"color: #c0aa04;\">********************************************<\/span><\/h2>\n<h2 style=\"text-align: center;\"><span style=\"color: #c0aa04;\"><span style=\"color: #c0aa04;\">\u00c9VALUATION<\/span><strong style=\"color: #c0aa04;\">\u00a0FIN 2\u00e8me SEMESTRE <\/strong><\/span><\/h2>\n<h2 style=\"text-align: center;\"><span style=\"color: #c0aa04;\"><strong>du 1 au 15 JUIN<\/strong><\/span><\/h2>\n<h2 style=\"text-align: center;\"><span style=\"color: #c0aa04;\">********************************************<\/span><\/h2>\n","protected":false},"excerpt":{"rendered":"<p>Programme Annuel \u2013 Classe Interm\u00e9diaires D\u00e9but Septembre \u2013 Jusqu\u2019\u00e0 fin Octobre\u00a0 Coran Approfondissement de la ma\u00eetrise de la lecture du Coran : Finir les exercices et le\u00e7ons du livre les r\u00e8gles lumineuses (Qa\u2019ida Nourani) Maitriser la prononciation (Tajwid) du Qa\u2019ida&hellip; <br \/><a class=\"read-more-button\" href=\"https:\/\/mosqueenogentsuroise.fr\/index.php\/nos-activites\/cours-pour-enfants\/programme-annuel-intermediaires\/\">Savoir plus<\/a><\/p>\n","protected":false},"author":1,"featured_media":0,"parent":215,"menu_order":2,"comment_status":"closed","ping_status":"closed","template":"","meta":{"give_campaign_id":0,"_monsterinsights_skip_tracking":false,"_monsterinsights_sitenote_active":false,"_monsterinsights_sitenote_note":"","_monsterinsights_sitenote_category":0,"footnotes":""},"class_list":["post-224","page","type-page","status-publish","hentry"],"yoast_head":"<!-- This site is optimized with the Yoast SEO plugin v27.4 - https:\/\/yoast.com\/product\/yoast-seo-wordpress\/ -->\n<title>Programme annuel des interm\u00e9diaires - Mosqu\u00e9e de Nogent sur Oise<\/title>\n<meta name=\"robots\" content=\"index, follow, max-snippet:-1, max-image-preview:large, max-video-preview:-1\" \/>\n<link rel=\"canonical\" href=\"https:\/\/mosqueenogentsuroise.fr\/index.php\/nos-activites\/cours-pour-enfants\/programme-annuel-intermediaires\/\" \/>\n<meta property=\"og:locale\" content=\"fr_FR\" \/>\n<meta property=\"og:type\" content=\"article\" \/>\n<meta property=\"og:title\" content=\"Programme annuel des interm\u00e9diaires - Mosqu\u00e9e de Nogent sur Oise\" \/>\n<meta property=\"og:description\" content=\"Programme Annuel \u2013 Classe Interm\u00e9diaires D\u00e9but Septembre \u2013 Jusqu\u2019\u00e0 fin Octobre\u00a0 Coran Approfondissement de la ma\u00eetrise de la lecture du Coran : Finir les exercices et le\u00e7ons du livre les r\u00e8gles lumineuses (Qa\u2019ida Nourani) Maitriser la prononciation (Tajwid) du Qa\u2019ida&hellip; Savoir plus\" \/>\n<meta property=\"og:url\" content=\"https:\/\/mosqueenogentsuroise.fr\/index.php\/nos-activites\/cours-pour-enfants\/programme-annuel-intermediaires\/\" \/>\n<meta property=\"og:site_name\" content=\"Mosqu\u00e9e de Nogent sur Oise\" \/>\n<meta property=\"article:modified_time\" content=\"2023-05-07T11:03:53+00:00\" \/>\n<meta name=\"twitter:card\" content=\"summary_large_image\" \/>\n<meta name=\"twitter:label1\" content=\"Dur\u00e9e de lecture estim\u00e9e\" \/>\n\t<meta name=\"twitter:data1\" content=\"3 minutes\" \/>\n<script type=\"application\/ld+json\" class=\"yoast-schema-graph\">{\"@context\":\"https:\\\/\\\/schema.org\",\"@graph\":[{\"@type\":\"WebPage\",\"@id\":\"https:\\\/\\\/mosqueenogentsuroise.fr\\\/index.php\\\/nos-activites\\\/cours-pour-enfants\\\/programme-annuel-intermediaires\\\/\",\"url\":\"https:\\\/\\\/mosqueenogentsuroise.fr\\\/index.php\\\/nos-activites\\\/cours-pour-enfants\\\/programme-annuel-intermediaires\\\/\",\"name\":\"Programme annuel des interm\u00e9diaires - Mosqu\u00e9e de Nogent sur Oise\",\"isPartOf\":{\"@id\":\"https:\\\/\\\/mosqueenogentsuroise.fr\\\/#website\"},\"datePublished\":\"2017-08-26T21:34:40+00:00\",\"dateModified\":\"2023-05-07T11:03:53+00:00\",\"breadcrumb\":{\"@id\":\"https:\\\/\\\/mosqueenogentsuroise.fr\\\/index.php\\\/nos-activites\\\/cours-pour-enfants\\\/programme-annuel-intermediaires\\\/#breadcrumb\"},\"inLanguage\":\"fr-FR\",\"potentialAction\":[{\"@type\":\"ReadAction\",\"target\":[\"https:\\\/\\\/mosqueenogentsuroise.fr\\\/index.php\\\/nos-activites\\\/cours-pour-enfants\\\/programme-annuel-intermediaires\\\/\"]}]},{\"@type\":\"BreadcrumbList\",\"@id\":\"https:\\\/\\\/mosqueenogentsuroise.fr\\\/index.php\\\/nos-activites\\\/cours-pour-enfants\\\/programme-annuel-intermediaires\\\/#breadcrumb\",\"itemListElement\":[{\"@type\":\"ListItem\",\"position\":1,\"name\":\"Accueil\",\"item\":\"https:\\\/\\\/mosqueenogentsuroise.fr\\\/\"},{\"@type\":\"ListItem\",\"position\":2,\"name\":\"Nos activit\u00e9s\",\"item\":\"https:\\\/\\\/mosqueenogentsuroise.fr\\\/index.php\\\/nos-activites\\\/\"},{\"@type\":\"ListItem\",\"position\":3,\"name\":\"Cours pour enfants\",\"item\":\"https:\\\/\\\/mosqueenogentsuroise.fr\\\/index.php\\\/nos-activites\\\/cours-pour-enfants\\\/\"},{\"@type\":\"ListItem\",\"position\":4,\"name\":\"Programme annuel des interm\u00e9diaires\"}]},{\"@type\":\"WebSite\",\"@id\":\"https:\\\/\\\/mosqueenogentsuroise.fr\\\/#website\",\"url\":\"https:\\\/\\\/mosqueenogentsuroise.fr\\\/\",\"name\":\"Mosqu\u00e9e de Nogent sur Oise\",\"description\":\"\",\"potentialAction\":[{\"@type\":\"SearchAction\",\"target\":{\"@type\":\"EntryPoint\",\"urlTemplate\":\"https:\\\/\\\/mosqueenogentsuroise.fr\\\/?s={search_term_string}\"},\"query-input\":{\"@type\":\"PropertyValueSpecification\",\"valueRequired\":true,\"valueName\":\"search_term_string\"}}],\"inLanguage\":\"fr-FR\"}]}<\/script>\n<!-- \/ Yoast SEO plugin. -->","yoast_head_json":{"title":"Programme annuel des interm\u00e9diaires - Mosqu\u00e9e de Nogent sur Oise","robots":{"index":"index","follow":"follow","max-snippet":"max-snippet:-1","max-image-preview":"max-image-preview:large","max-video-preview":"max-video-preview:-1"},"canonical":"https:\/\/mosqueenogentsuroise.fr\/index.php\/nos-activites\/cours-pour-enfants\/programme-annuel-intermediaires\/","og_locale":"fr_FR","og_type":"article","og_title":"Programme annuel des interm\u00e9diaires - Mosqu\u00e9e de Nogent sur Oise","og_description":"Programme Annuel \u2013 Classe Interm\u00e9diaires D\u00e9but Septembre \u2013 Jusqu\u2019\u00e0 fin Octobre\u00a0 Coran Approfondissement de la ma\u00eetrise de la lecture du Coran : Finir les exercices et le\u00e7ons du livre les r\u00e8gles lumineuses (Qa\u2019ida Nourani) Maitriser la prononciation (Tajwid) du Qa\u2019ida&hellip; Savoir plus","og_url":"https:\/\/mosqueenogentsuroise.fr\/index.php\/nos-activites\/cours-pour-enfants\/programme-annuel-intermediaires\/","og_site_name":"Mosqu\u00e9e de Nogent sur Oise","article_modified_time":"2023-05-07T11:03:53+00:00","twitter_card":"summary_large_image","twitter_misc":{"Dur\u00e9e de lecture estim\u00e9e":"3 minutes"},"schema":{"@context":"https:\/\/schema.org","@graph":[{"@type":"WebPage","@id":"https:\/\/mosqueenogentsuroise.fr\/index.php\/nos-activites\/cours-pour-enfants\/programme-annuel-intermediaires\/","url":"https:\/\/mosqueenogentsuroise.fr\/index.php\/nos-activites\/cours-pour-enfants\/programme-annuel-intermediaires\/","name":"Programme annuel des interm\u00e9diaires - Mosqu\u00e9e de Nogent sur Oise","isPartOf":{"@id":"https:\/\/mosqueenogentsuroise.fr\/#website"},"datePublished":"2017-08-26T21:34:40+00:00","dateModified":"2023-05-07T11:03:53+00:00","breadcrumb":{"@id":"https:\/\/mosqueenogentsuroise.fr\/index.php\/nos-activites\/cours-pour-enfants\/programme-annuel-intermediaires\/#breadcrumb"},"inLanguage":"fr-FR","potentialAction":[{"@type":"ReadAction","target":["https:\/\/mosqueenogentsuroise.fr\/index.php\/nos-activites\/cours-pour-enfants\/programme-annuel-intermediaires\/"]}]},{"@type":"BreadcrumbList","@id":"https:\/\/mosqueenogentsuroise.fr\/index.php\/nos-activites\/cours-pour-enfants\/programme-annuel-intermediaires\/#breadcrumb","itemListElement":[{"@type":"ListItem","position":1,"name":"Accueil","item":"https:\/\/mosqueenogentsuroise.fr\/"},{"@type":"ListItem","position":2,"name":"Nos activit\u00e9s","item":"https:\/\/mosqueenogentsuroise.fr\/index.php\/nos-activites\/"},{"@type":"ListItem","position":3,"name":"Cours pour enfants","item":"https:\/\/mosqueenogentsuroise.fr\/index.php\/nos-activites\/cours-pour-enfants\/"},{"@type":"ListItem","position":4,"name":"Programme annuel des interm\u00e9diaires"}]},{"@type":"WebSite","@id":"https:\/\/mosqueenogentsuroise.fr\/#website","url":"https:\/\/mosqueenogentsuroise.fr\/","name":"Mosqu\u00e9e de Nogent sur Oise","description":"","potentialAction":[{"@type":"SearchAction","target":{"@type":"EntryPoint","urlTemplate":"https:\/\/mosqueenogentsuroise.fr\/?s={search_term_string}"},"query-input":{"@type":"PropertyValueSpecification","valueRequired":true,"valueName":"search_term_string"}}],"inLanguage":"fr-FR"}]}},"campaignId":"","_links":{"self":[{"href":"https:\/\/mosqueenogentsuroise.fr\/index.php\/wp-json\/wp\/v2\/pages\/224","targetHints":{"allow":["GET"]}}],"collection":[{"href":"https:\/\/mosqueenogentsuroise.fr\/index.php\/wp-json\/wp\/v2\/pages"}],"about":[{"href":"https:\/\/mosqueenogentsuroise.fr\/index.php\/wp-json\/wp\/v2\/types\/page"}],"author":[{"embeddable":true,"href":"https:\/\/mosqueenogentsuroise.fr\/index.php\/wp-json\/wp\/v2\/users\/1"}],"replies":[{"embeddable":true,"href":"https:\/\/mosqueenogentsuroise.fr\/index.php\/wp-json\/wp\/v2\/comments?post=224"}],"version-history":[{"count":12,"href":"https:\/\/mosqueenogentsuroise.fr\/index.php\/wp-json\/wp\/v2\/pages\/224\/revisions"}],"predecessor-version":[{"id":1236,"href":"https:\/\/mosqueenogentsuroise.fr\/index.php\/wp-json\/wp\/v2\/pages\/224\/revisions\/1236"}],"up":[{"embeddable":true,"href":"https:\/\/mosqueenogentsuroise.fr\/index.php\/wp-json\/wp\/v2\/pages\/215"}],"wp:attachment":[{"href":"https:\/\/mosqueenogentsuroise.fr\/index.php\/wp-json\/wp\/v2\/media?parent=224"}],"curies":[{"name":"wp","href":"https:\/\/api.w.org\/{rel}","templated":true}]}}