{"id":222,"date":"2017-08-26T23:43:34","date_gmt":"2017-08-26T21:43:34","guid":{"rendered":"https:\/\/mosqueenogentsuroise.fr\/?page_id=222"},"modified":"2021-04-19T12:45:21","modified_gmt":"2021-04-19T10:45:21","slug":"programme-annuel-debutants","status":"publish","type":"page","link":"https:\/\/mosqueenogentsuroise.fr\/index.php\/nos-activites\/cours-pour-enfants\/programme-annuel-debutants\/","title":{"rendered":"Programme annuel des d\u00e9butants"},"content":{"rendered":"<h1 style=\"text-align: center;\"><span style=\"color: #c0aa04;\">Programme Annuel \u2013 Classe D\u00e9butants<\/span><\/h1>\n<h2 style=\"text-align: center;\"><span style=\"color: #034c24;\">D\u00e9but Septembre \u2013 jusqu\u2019\u00e0 fin Octobre<\/span><\/h2>\n<h3><span style=\"color: #c0aa04;\">Coran :<\/span><\/h3>\n<ul>\n<li>Introduction \u00e0 la lecture du Coran : D\u00e9chiffrer les lettres alphab\u00e9tiques arabes s\u00e9par\u00e9es et combin\u00e9es dans le livre les r\u00e8gles lumineuses (Qa\u2019ida Nourani)<\/li>\n<li>Exercices de prononciation (Makharij) des lettres que les enfants d\u00e9chiffreront dans le livre les r\u00e8gles lumineuses (Qa\u2019ida Nourani)<\/li>\n<li>Apprentissage de la sourate Al-Fatiha<\/li>\n<\/ul>\n<h3><span style=\"color: #c0aa04;\">Croyances<\/span><\/h3>\n<ul>\n<li>L\u2019enfant doit connaitre Dieu qu&rsquo;il est son Cr\u00e9ateur, et Le Seul \u00e0 \u00eatre adorer, connaitre le proph\u00e8te Mohammad (PBSL), que c&rsquo;est le messager de Dieu et le dernier des proph\u00e8tes.<\/li>\n<li>Croyances islamiques 1\u00e8re partie\n<ul>\n<li>Les Kalimates<\/li>\n<li>Les Anges (Malaa-ikah)<\/li>\n<li>Les livres d\u2019Allah<\/li>\n<li>Les proph\u00e8tes et les Messagers<\/li>\n<li>La pri\u00e8re sur le Proph\u00e8te (PBSL)<\/li>\n<\/ul>\n<\/li>\n<\/ul>\n<h3><span style=\"color: #c0aa04;\">Adorations <\/span><\/h3>\n<ul>\n<li>Apprentissage aux ablutions par la pratique<\/li>\n<\/ul>\n<h3><span style=\"color: #c0aa04;\">Invocations\u00a0 :<\/span><\/h3>\n<ul>\n<li>Livre d\u2019invocations \u00ab Les indispensables \u00bb<\/li>\n<\/ul>\n<h3><span style=\"color: #c0aa04;\">Histoire des proph\u00e8tes :<\/span><\/h3>\n<ul>\n<li>Adam (asl) Collection Histoires des Proph\u00e8tes<\/li>\n<\/ul>\n<h2 style=\"text-align: center;\"><span style=\"color: #034c24;\">D\u00e9but Novembre \u2013 jusqu\u2019\u00e0 fin Janvier <\/span><\/h2>\n<h3><span style=\"color: #c0aa04;\">Coran :<\/span><\/h3>\n<ul>\n<li>Introduction de la lecture du Coran : exercice de d\u00e9chiffrement des lettres alphab\u00e9tique arabes s\u00e9par\u00e9es et combin\u00e9es dans le coran<\/li>\n<li>Le\u00e7ons du Qa\u2019ida Nourani avec bonne prononciation (Makharij) ( (\u0627\u0644\u062d\u0631\u0648\u0641 \u0627\u0644\u0645\u062a\u062d\u0631\u0643\u0629, \u0627\u0644\u062d\u0631\u0648\u0641 (\u0627\u0644\u0645\u0646\u0648\u0646\u0629)<\/li>\n<li>Apprentissage de la sourate Al-Fatihah avec une bonne prononciation<\/li>\n<\/ul>\n<h3><span style=\"color: #c0aa04;\">Croyances :<\/span><\/h3>\n<ul>\n<li>Ancrer au profond de l\u2019enfant l\u2019amour de Dieu et Son proph\u00e8te (PBSL) et connaitre certains attributs de Dieu notamment qu\u2019il est Omnipotent, et Omniscient, et savoir prononcer le kalimah d\u2019unicit\u00e9 Tawhid (par voie orale)<\/li>\n<li>Croyances islamiques 1\u00e8re partie\n<ul>\n<li>Le Qiyamate (jour de la r\u00e9surrection)<\/li>\n<li>Le destin<\/li>\n<li>La r\u00e9surrection<\/li>\n<\/ul>\n<\/li>\n<\/ul>\n<h3><span style=\"color: #c0aa04;\">Adorations <\/span><\/h3>\n<ul>\n<li>Apprentissage aux ablutions et aux piliers de la pri\u00e8re par la pratique &#8211; Livre adorations Mukhta\u00e7ar Al-Akhdari Fi Al-\u2018Ibadat AVEC PRATIQUE<\/li>\n<\/ul>\n<h3><span style=\"color: #c0aa04;\">Invocations :<\/span><\/h3>\n<ul>\n<li>Livre d\u2019invocations \u00ab Les indispensables \u00bb<\/li>\n<\/ul>\n<h3><span style=\"color: #c0aa04;\">Histoire des proph\u00e8tes :<br \/>\n<\/span><\/h3>\n<ul>\n<li>Idriss (AS) Collection Histoires des Proph\u00e8tes<\/li>\n<\/ul>\n<h2 style=\"text-align: center;\"><span style=\"color: #c0aa04;\">********************************************<\/span><\/h2>\n<h2 style=\"text-align: center;\"><span style=\"color: #c0aa04;\"><span style=\"color: #c0aa04;\">\u00c9VALUATION<\/span><strong style=\"color: #c0aa04;\">\u00a0FIN 1ER SEMESTRE <\/strong><\/span><\/h2>\n<h2 style=\"text-align: center;\"><span style=\"color: #c0aa04;\"><strong>fin JANVIER &#8211; d\u00e9but <\/strong><\/span><span style=\"color: #c0aa04;\">F\u00c9VRIER<\/span><\/h2>\n<h2 style=\"text-align: center;\"><span style=\"color: #c0aa04;\">********************************************<\/span><\/h2>\n<h2 style=\"text-align: center;\"><span style=\"color: #034c24;\">Mi-F\u00e9vrier \u2013 jusqu\u2019\u00e0 fin Juin<\/span><\/h2>\n<h3><span style=\"color: #c0aa04;\">Coran :<\/span><\/h3>\n<ul>\n<li>Introduction \u00e0 la lecture du Coran : exercices et le\u00e7ons dans le livre les r\u00e8gles lumineuses (Qa\u2019ida Nourani) et dans le coran<\/li>\n<li>Le\u00e7ons du Qa\u2019ida Nourani avec bonne prononciation (Makharij)<\/li>\n<li>Apprentissage de la sourate Al-Fatihah avec une bonne prononciation et de la sourate al ikhlass<\/li>\n<\/ul>\n<h3><span style=\"color: #c0aa04;\">Croyances<\/span><\/h3>\n<ul>\n<li>Ancrer au profond de l\u2019enfant l\u2019amour de Dieu et Son proph\u00e8te (PBSL), Connaitre encore plus les attributs de Dieu, les attributs du Proph\u00e8te Mohammad (PBSL) notamment qu&rsquo;il est le dernier proph\u00e8te(PBSL), qu&rsquo;il est la personne la plus aim\u00e9e devant Dieu et qu&rsquo;il n&rsquo;y a pas de r\u00e9ussite sans suivre ses ordres.<\/li>\n<li>Croyances islamiques 1\u00e8re partie\n<ul>\n<li>La valeur du Proph\u00e8te (PBSL)<\/li>\n<li>Les compagnons du Proph\u00e8te (PBSL)<\/li>\n<li>Les Wali et les Awliya<\/li>\n<li>Les miracles<\/li>\n<li>Le Tawhid<\/li>\n<\/ul>\n<\/li>\n<\/ul>\n<h3><span style=\"color: #c0aa04;\">Adorations <\/span><\/h3>\n<ul>\n<li>Apprentissage aux ablutions et aux piliers de la pri\u00e8re par la pratique &#8211; Livre adorations Mukhta\u00e7ar Al-Akhdari Fi Al-\u2018Ibadat AVEC PRATIQUE<\/li>\n<\/ul>\n<h3><span style=\"color: #c0aa04;\">Invocations :<br \/>\n<\/span><\/h3>\n<ul>\n<li>Livre d\u2019invocations \u00ab Les indispensables \u00bb<\/li>\n<\/ul>\n<h3><span style=\"color: #c0aa04;\">Histoire des proph\u00e8tes :<\/span><\/h3>\n<ul>\n<li>Nouh (AS) Collection Histoires des Proph\u00e8tes<\/li>\n<\/ul>\n<h2 style=\"text-align: center;\"><span style=\"color: #c0aa04;\">********************************************<\/span><\/h2>\n<h2 style=\"text-align: center;\"><span style=\"color: #c0aa04;\"><strong>EVALUATION FIN 2EME SEMESTRE<\/strong><\/span><\/h2>\n<h2 style=\"text-align: center;\"><span style=\"color: #c0aa04;\"><strong>du 1 au 15 JUIN<\/strong><\/span><\/h2>\n<h2 style=\"text-align: center;\"><span style=\"color: #c0aa04;\">********************************************<\/span><\/h2>\n","protected":false},"excerpt":{"rendered":"<p>Programme Annuel \u2013 Classe D\u00e9butants D\u00e9but Septembre \u2013 jusqu\u2019\u00e0 fin Octobre Coran : Introduction \u00e0 la lecture du Coran : D\u00e9chiffrer les lettres alphab\u00e9tiques arabes s\u00e9par\u00e9es et combin\u00e9es dans le livre les r\u00e8gles lumineuses (Qa\u2019ida Nourani) Exercices de prononciation (Makharij)&hellip; <br \/><a class=\"read-more-button\" href=\"https:\/\/mosqueenogentsuroise.fr\/index.php\/nos-activites\/cours-pour-enfants\/programme-annuel-debutants\/\">Savoir plus<\/a><\/p>\n","protected":false},"author":1,"featured_media":0,"parent":215,"menu_order":1,"comment_status":"closed","ping_status":"closed","template":"","meta":{"give_campaign_id":0,"_monsterinsights_skip_tracking":false,"_monsterinsights_sitenote_active":false,"_monsterinsights_sitenote_note":"","_monsterinsights_sitenote_category":0,"footnotes":""},"class_list":["post-222","page","type-page","status-publish","hentry"],"yoast_head":"<!-- This site is optimized with the Yoast SEO plugin v27.4 - https:\/\/yoast.com\/product\/yoast-seo-wordpress\/ -->\n<title>Programme annuel des d\u00e9butants - Mosqu\u00e9e de Nogent sur Oise<\/title>\n<meta name=\"robots\" content=\"index, follow, max-snippet:-1, max-image-preview:large, max-video-preview:-1\" \/>\n<link rel=\"canonical\" href=\"https:\/\/mosqueenogentsuroise.fr\/index.php\/nos-activites\/cours-pour-enfants\/programme-annuel-debutants\/\" \/>\n<meta property=\"og:locale\" content=\"fr_FR\" \/>\n<meta property=\"og:type\" content=\"article\" \/>\n<meta property=\"og:title\" content=\"Programme annuel des d\u00e9butants - Mosqu\u00e9e de Nogent sur Oise\" \/>\n<meta property=\"og:description\" content=\"Programme Annuel \u2013 Classe D\u00e9butants D\u00e9but Septembre \u2013 jusqu\u2019\u00e0 fin Octobre Coran : Introduction \u00e0 la lecture du Coran : D\u00e9chiffrer les lettres alphab\u00e9tiques arabes s\u00e9par\u00e9es et combin\u00e9es dans le livre les r\u00e8gles lumineuses (Qa\u2019ida Nourani) Exercices de prononciation (Makharij)&hellip; Savoir plus\" \/>\n<meta property=\"og:url\" content=\"https:\/\/mosqueenogentsuroise.fr\/index.php\/nos-activites\/cours-pour-enfants\/programme-annuel-debutants\/\" \/>\n<meta property=\"og:site_name\" content=\"Mosqu\u00e9e de Nogent sur Oise\" \/>\n<meta property=\"article:modified_time\" content=\"2021-04-19T10:45:21+00:00\" \/>\n<meta name=\"twitter:card\" content=\"summary_large_image\" \/>\n<meta name=\"twitter:label1\" content=\"Dur\u00e9e de lecture estim\u00e9e\" \/>\n\t<meta name=\"twitter:data1\" content=\"2 minutes\" \/>\n<script type=\"application\/ld+json\" class=\"yoast-schema-graph\">{\"@context\":\"https:\\\/\\\/schema.org\",\"@graph\":[{\"@type\":\"WebPage\",\"@id\":\"https:\\\/\\\/mosqueenogentsuroise.fr\\\/index.php\\\/nos-activites\\\/cours-pour-enfants\\\/programme-annuel-debutants\\\/\",\"url\":\"https:\\\/\\\/mosqueenogentsuroise.fr\\\/index.php\\\/nos-activites\\\/cours-pour-enfants\\\/programme-annuel-debutants\\\/\",\"name\":\"Programme annuel des d\u00e9butants - Mosqu\u00e9e de Nogent sur Oise\",\"isPartOf\":{\"@id\":\"https:\\\/\\\/mosqueenogentsuroise.fr\\\/#website\"},\"datePublished\":\"2017-08-26T21:43:34+00:00\",\"dateModified\":\"2021-04-19T10:45:21+00:00\",\"breadcrumb\":{\"@id\":\"https:\\\/\\\/mosqueenogentsuroise.fr\\\/index.php\\\/nos-activites\\\/cours-pour-enfants\\\/programme-annuel-debutants\\\/#breadcrumb\"},\"inLanguage\":\"fr-FR\",\"potentialAction\":[{\"@type\":\"ReadAction\",\"target\":[\"https:\\\/\\\/mosqueenogentsuroise.fr\\\/index.php\\\/nos-activites\\\/cours-pour-enfants\\\/programme-annuel-debutants\\\/\"]}]},{\"@type\":\"BreadcrumbList\",\"@id\":\"https:\\\/\\\/mosqueenogentsuroise.fr\\\/index.php\\\/nos-activites\\\/cours-pour-enfants\\\/programme-annuel-debutants\\\/#breadcrumb\",\"itemListElement\":[{\"@type\":\"ListItem\",\"position\":1,\"name\":\"Accueil\",\"item\":\"https:\\\/\\\/mosqueenogentsuroise.fr\\\/\"},{\"@type\":\"ListItem\",\"position\":2,\"name\":\"Nos activit\u00e9s\",\"item\":\"https:\\\/\\\/mosqueenogentsuroise.fr\\\/index.php\\\/nos-activites\\\/\"},{\"@type\":\"ListItem\",\"position\":3,\"name\":\"Cours pour enfants\",\"item\":\"https:\\\/\\\/mosqueenogentsuroise.fr\\\/index.php\\\/nos-activites\\\/cours-pour-enfants\\\/\"},{\"@type\":\"ListItem\",\"position\":4,\"name\":\"Programme annuel des d\u00e9butants\"}]},{\"@type\":\"WebSite\",\"@id\":\"https:\\\/\\\/mosqueenogentsuroise.fr\\\/#website\",\"url\":\"https:\\\/\\\/mosqueenogentsuroise.fr\\\/\",\"name\":\"Mosqu\u00e9e de Nogent sur Oise\",\"description\":\"\",\"potentialAction\":[{\"@type\":\"SearchAction\",\"target\":{\"@type\":\"EntryPoint\",\"urlTemplate\":\"https:\\\/\\\/mosqueenogentsuroise.fr\\\/?s={search_term_string}\"},\"query-input\":{\"@type\":\"PropertyValueSpecification\",\"valueRequired\":true,\"valueName\":\"search_term_string\"}}],\"inLanguage\":\"fr-FR\"}]}<\/script>\n<!-- \/ Yoast SEO plugin. -->","yoast_head_json":{"title":"Programme annuel des d\u00e9butants - Mosqu\u00e9e de Nogent sur Oise","robots":{"index":"index","follow":"follow","max-snippet":"max-snippet:-1","max-image-preview":"max-image-preview:large","max-video-preview":"max-video-preview:-1"},"canonical":"https:\/\/mosqueenogentsuroise.fr\/index.php\/nos-activites\/cours-pour-enfants\/programme-annuel-debutants\/","og_locale":"fr_FR","og_type":"article","og_title":"Programme annuel des d\u00e9butants - Mosqu\u00e9e de Nogent sur Oise","og_description":"Programme Annuel \u2013 Classe D\u00e9butants D\u00e9but Septembre \u2013 jusqu\u2019\u00e0 fin Octobre Coran : Introduction \u00e0 la lecture du Coran : D\u00e9chiffrer les lettres alphab\u00e9tiques arabes s\u00e9par\u00e9es et combin\u00e9es dans le livre les r\u00e8gles lumineuses (Qa\u2019ida Nourani) Exercices de prononciation (Makharij)&hellip; Savoir plus","og_url":"https:\/\/mosqueenogentsuroise.fr\/index.php\/nos-activites\/cours-pour-enfants\/programme-annuel-debutants\/","og_site_name":"Mosqu\u00e9e de Nogent sur Oise","article_modified_time":"2021-04-19T10:45:21+00:00","twitter_card":"summary_large_image","twitter_misc":{"Dur\u00e9e de lecture estim\u00e9e":"2 minutes"},"schema":{"@context":"https:\/\/schema.org","@graph":[{"@type":"WebPage","@id":"https:\/\/mosqueenogentsuroise.fr\/index.php\/nos-activites\/cours-pour-enfants\/programme-annuel-debutants\/","url":"https:\/\/mosqueenogentsuroise.fr\/index.php\/nos-activites\/cours-pour-enfants\/programme-annuel-debutants\/","name":"Programme annuel des d\u00e9butants - Mosqu\u00e9e de Nogent sur Oise","isPartOf":{"@id":"https:\/\/mosqueenogentsuroise.fr\/#website"},"datePublished":"2017-08-26T21:43:34+00:00","dateModified":"2021-04-19T10:45:21+00:00","breadcrumb":{"@id":"https:\/\/mosqueenogentsuroise.fr\/index.php\/nos-activites\/cours-pour-enfants\/programme-annuel-debutants\/#breadcrumb"},"inLanguage":"fr-FR","potentialAction":[{"@type":"ReadAction","target":["https:\/\/mosqueenogentsuroise.fr\/index.php\/nos-activites\/cours-pour-enfants\/programme-annuel-debutants\/"]}]},{"@type":"BreadcrumbList","@id":"https:\/\/mosqueenogentsuroise.fr\/index.php\/nos-activites\/cours-pour-enfants\/programme-annuel-debutants\/#breadcrumb","itemListElement":[{"@type":"ListItem","position":1,"name":"Accueil","item":"https:\/\/mosqueenogentsuroise.fr\/"},{"@type":"ListItem","position":2,"name":"Nos activit\u00e9s","item":"https:\/\/mosqueenogentsuroise.fr\/index.php\/nos-activites\/"},{"@type":"ListItem","position":3,"name":"Cours pour enfants","item":"https:\/\/mosqueenogentsuroise.fr\/index.php\/nos-activites\/cours-pour-enfants\/"},{"@type":"ListItem","position":4,"name":"Programme annuel des d\u00e9butants"}]},{"@type":"WebSite","@id":"https:\/\/mosqueenogentsuroise.fr\/#website","url":"https:\/\/mosqueenogentsuroise.fr\/","name":"Mosqu\u00e9e de Nogent sur Oise","description":"","potentialAction":[{"@type":"SearchAction","target":{"@type":"EntryPoint","urlTemplate":"https:\/\/mosqueenogentsuroise.fr\/?s={search_term_string}"},"query-input":{"@type":"PropertyValueSpecification","valueRequired":true,"valueName":"search_term_string"}}],"inLanguage":"fr-FR"}]}},"campaignId":"","_links":{"self":[{"href":"https:\/\/mosqueenogentsuroise.fr\/index.php\/wp-json\/wp\/v2\/pages\/222","targetHints":{"allow":["GET"]}}],"collection":[{"href":"https:\/\/mosqueenogentsuroise.fr\/index.php\/wp-json\/wp\/v2\/pages"}],"about":[{"href":"https:\/\/mosqueenogentsuroise.fr\/index.php\/wp-json\/wp\/v2\/types\/page"}],"author":[{"embeddable":true,"href":"https:\/\/mosqueenogentsuroise.fr\/index.php\/wp-json\/wp\/v2\/users\/1"}],"replies":[{"embeddable":true,"href":"https:\/\/mosqueenogentsuroise.fr\/index.php\/wp-json\/wp\/v2\/comments?post=222"}],"version-history":[{"count":10,"href":"https:\/\/mosqueenogentsuroise.fr\/index.php\/wp-json\/wp\/v2\/pages\/222\/revisions"}],"predecessor-version":[{"id":1029,"href":"https:\/\/mosqueenogentsuroise.fr\/index.php\/wp-json\/wp\/v2\/pages\/222\/revisions\/1029"}],"up":[{"embeddable":true,"href":"https:\/\/mosqueenogentsuroise.fr\/index.php\/wp-json\/wp\/v2\/pages\/215"}],"wp:attachment":[{"href":"https:\/\/mosqueenogentsuroise.fr\/index.php\/wp-json\/wp\/v2\/media?parent=222"}],"curies":[{"name":"wp","href":"https:\/\/api.w.org\/{rel}","templated":true}]}}