{"id":2,"date":"2016-06-02T21:38:24","date_gmt":"2016-06-02T19:38:24","guid":{"rendered":"https:\/\/www.mosqueenogentsuroise.fr\/?page_id=2"},"modified":"2026-04-01T12:15:23","modified_gmt":"2026-04-01T10:15:23","slug":"page-d-exemple","status":"publish","type":"page","link":"https:\/\/mosqueenogentsuroise.fr\/","title":{"rendered":"Actualit\u00e9s de la Mosqu\u00e9e de Nogent sur Oise"},"content":{"rendered":"\n<h2 class=\"wp-block-heading has-text-align-center has-text-color has-link-color wp-elements-b92ae76d2c7f76366f95098a16c9e513\" style=\"color:#034c24\">Rentr\u00e9e Madrassa 2026\/2027<\/h2>\n\n\n\n<h3 class=\"wp-block-heading has-text-align-center\">Les pr\u00e9-inscriptions pour la rentr\u00e9e 2026\/2027 sont ouvertes. Vous pouvez saisir votre demande via le bouton ci-dessous : <\/h3>\n\n\n\n<div class=\"wp-block-buttons is-content-justification-center is-layout-flex wp-container-core-buttons-is-layout-16018d1d wp-block-buttons-is-layout-flex\">\n<div class=\"wp-block-button\"><a class=\"wp-block-button__link has-text-color has-background has-link-color has-text-align-center wp-element-button\" href=\"https:\/\/mosqueenogentsuroise.fr\/index.php\/nos-activites\/cours-pour-enfants\/pre-inscription-aux-cours-2026-2027\/\" style=\"color:#c0aa04;background-color:#044c24\">Demande de pr\u00e9-inscription<\/a><\/div>\n<\/div>\n\n\n\n<hr class=\"wp-block-separator has-alpha-channel-opacity\"\/>\n\n\n\n<h2 class=\"wp-block-heading has-text-align-center has-text-color has-link-color wp-elements-1f26041a4b969a25d5eb2c86180cce0a\" style=\"color:#034c24\">Campagne de dons Ramadhan 2026<\/h2>\n\n\n<div class=\"wp-block-image\">\n<figure class=\"aligncenter size-large\"><img loading=\"lazy\" decoding=\"async\" width=\"627\" height=\"1024\" src=\"https:\/\/mosqueenogentsuroise.fr\/wp-content\/uploads\/2026\/02\/image-627x1024.png\" alt=\"\" class=\"wp-image-1489\" srcset=\"https:\/\/mosqueenogentsuroise.fr\/wp-content\/uploads\/2026\/02\/image-627x1024.png 627w, https:\/\/mosqueenogentsuroise.fr\/wp-content\/uploads\/2026\/02\/image-184x300.png 184w, https:\/\/mosqueenogentsuroise.fr\/wp-content\/uploads\/2026\/02\/image.png 653w\" sizes=\"auto, (max-width: 627px) 100vw, 627px\" \/><\/figure><\/div>\n\n\n<hr class=\"wp-block-separator has-alpha-channel-opacity\"\/>\n\n\n\n<h2 class=\"wp-block-heading has-text-align-center has-text-color has-link-color wp-elements-5566fbe2a87c3e017e225d7b1386588c\" style=\"color:#034c24\"><strong>Pour contribuer aux charges de la Mosqu\u00e9e et au financement des projets d&rsquo;am\u00e9nagement au sein de la Mosqu\u00e9e<\/strong><\/h2>\n\n\n\n<div class=\"wp-block-group\"><div class=\"wp-block-group__inner-container is-layout-flow wp-block-group-is-layout-flow\">\n<table id=\"tablepress-1\" class=\"tablepress tablepress-id-1\">\n<tbody>\n<tr class=\"row-1\">\n\t<td class=\"column-1\">Par PayPal ou CB<\/td><td class=\"column-2\">Par Ch\u00e8que<\/td><td class=\"column-3\">Par Virement Bancaire<\/td>\n<\/tr>\n<tr class=\"row-2\">\n\t<td class=\"column-1\"><form action=\"https:\/\/www.paypal.com\/cgi-bin\/webscr\" method=\"post\" target=\"_top\"><br \/>\n<input type=\"hidden\" name=\"cmd\" value=\"_s-xclick\" \/><br \/>\n<input type=\"hidden\" name=\"hosted_button_id\" value=\"9BQ4HQ82QY69S\" \/><br \/>\n<input type=\"image\" src=\"https:\/\/www.paypalobjects.com\/fr_FR\/FR\/i\/btn\/btn_donateCC_LG.gif\" border=\"0\" name=\"submit\" title=\"PayPal - The safer, easier way to pay online!\" alt=\"Bouton Faites un don avec PayPal\" \/><br \/>\n<img loading=\"lazy\" decoding=\"async\" alt=\"\" border=\"0\" src=\"https:\/\/www.paypal.com\/fr_FR\/i\/scr\/pixel.gif\" width=\"1\" height=\"1\" \/><br \/>\n<\/form><\/td><td class=\"column-2\">Envoyez votre ch\u00e8que \u00e0 l'ordre de <b>ANEC<\/b> \u00e0 l'adresse suivante: <br \/>\nANEC<br \/>\n38 avenue Albert Jacquard<br \/>\n60180 Nogent sur Oise <\/td><td class=\"column-3\">Code Banque : <b>10278<\/b><br \/>\nCode Guichet : <b>02632<\/b><br \/>\nN\u00b0 de Compte : <b>00021941902<\/b><br \/>\nCl\u00e9 : <b>13<\/b><br \/>\n---------------------------------------<br \/>\nIBAN : <br \/>\n<b>FR76 1027 8026 3200 0219 4190 213<\/b><br \/>\n---------------------------------------<br \/>\nBIC: <br \/>\n<b>CMCIFR2A<\/b><\/td>\n<\/tr>\n<\/tbody>\n<\/table>\n<!-- #tablepress-1 from cache -->\n\n\n\n<hr class=\"wp-block-separator has-alpha-channel-opacity\"\/>\n\n\n\n<h2 class=\"wp-block-heading has-text-align-center has-text-color has-link-color wp-elements-9a6876ec6b27e466150889e8c4b58925\" style=\"color:#034c24\">Retrouver l&rsquo;historique du projet de construction de la Mosqu\u00e9e dans la rubrique <a href=\"https:\/\/mosqueenogentsuroise.fr\/index.php\/le-projet\/\">LE PROJET<\/a><\/h2>\n\n\n\n<hr class=\"wp-block-separator has-alpha-channel-opacity\"\/>\n\n\n\n<h2 class=\"wp-block-heading has-text-align-center has-text-color\" style=\"color:#034c24\">Retrouvez les photos de la construction de la mosqu\u00e9e dans la rubrique <a href=\"https:\/\/mosqueenogentsuroise.fr\/index.php\/photos\/\">PHOTOS<\/a><\/h2>\n\n\n\n<h3 class=\"wp-block-heading\">&nbsp;<\/h3>\n\n\n\n<div class=\"wp-block-buttons is-layout-flex wp-block-buttons-is-layout-flex\"><\/div>\n<\/div><\/div>\n","protected":false},"excerpt":{"rendered":"<p>Rentr\u00e9e Madrassa 2026\/2027 Les pr\u00e9-inscriptions pour la rentr\u00e9e 2026\/2027 sont ouvertes. Vous pouvez saisir votre demande via le bouton ci-dessous : Campagne de dons Ramadhan 2026 Pour contribuer aux charges de la Mosqu\u00e9e et au financement des projets d&rsquo;am\u00e9nagement au&hellip; <br \/><a class=\"read-more-button\" href=\"https:\/\/mosqueenogentsuroise.fr\/\">Savoir plus<\/a><\/p>\n","protected":false},"author":1,"featured_media":0,"parent":0,"menu_order":0,"comment_status":"closed","ping_status":"open","template":"","meta":{"give_campaign_id":0,"_monsterinsights_skip_tracking":false,"_monsterinsights_sitenote_active":false,"_monsterinsights_sitenote_note":"","_monsterinsights_sitenote_category":0,"footnotes":""},"class_list":["post-2","page","type-page","status-publish","hentry"],"yoast_head":"<!-- This site is optimized with the Yoast SEO plugin v27.3 - https:\/\/yoast.com\/product\/yoast-seo-wordpress\/ -->\n<title>Actualit\u00e9s de la Mosqu\u00e9e de Nogent sur Oise - Mosqu\u00e9e de Nogent sur Oise<\/title>\n<meta name=\"robots\" content=\"index, follow, max-snippet:-1, max-image-preview:large, max-video-preview:-1\" \/>\n<link rel=\"canonical\" href=\"https:\/\/mosqueenogentsuroise.fr\/\" \/>\n<meta property=\"og:locale\" content=\"fr_FR\" \/>\n<meta property=\"og:type\" content=\"article\" \/>\n<meta property=\"og:title\" content=\"Actualit\u00e9s de la Mosqu\u00e9e de Nogent sur Oise - Mosqu\u00e9e de Nogent sur Oise\" \/>\n<meta property=\"og:description\" content=\"Rentr\u00e9e Madrassa 2026\/2027 Les pr\u00e9-inscriptions pour la rentr\u00e9e 2026\/2027 sont ouvertes. Vous pouvez saisir votre demande via le bouton ci-dessous : Campagne de dons Ramadhan 2026 Pour contribuer aux charges de la Mosqu\u00e9e et au financement des projets d&rsquo;am\u00e9nagement au&hellip; Savoir plus\" \/>\n<meta property=\"og:url\" content=\"https:\/\/mosqueenogentsuroise.fr\/\" \/>\n<meta property=\"og:site_name\" content=\"Mosqu\u00e9e de Nogent sur Oise\" \/>\n<meta property=\"article:modified_time\" content=\"2026-04-01T10:15:23+00:00\" \/>\n<meta property=\"og:image\" content=\"https:\/\/mosqueenogentsuroise.fr\/wp-content\/uploads\/2026\/02\/image.png\" \/>\n\t<meta property=\"og:image:width\" content=\"653\" \/>\n\t<meta property=\"og:image:height\" content=\"1067\" \/>\n\t<meta property=\"og:image:type\" content=\"image\/png\" \/>\n<meta name=\"twitter:card\" content=\"summary_large_image\" \/>\n<meta name=\"twitter:label1\" content=\"Dur\u00e9e de lecture estim\u00e9e\" \/>\n\t<meta name=\"twitter:data1\" content=\"1 minute\" \/>\n<script type=\"application\/ld+json\" class=\"yoast-schema-graph\">{\"@context\":\"https:\\\/\\\/schema.org\",\"@graph\":[{\"@type\":\"WebPage\",\"@id\":\"https:\\\/\\\/mosqueenogentsuroise.fr\\\/\",\"url\":\"https:\\\/\\\/mosqueenogentsuroise.fr\\\/\",\"name\":\"Actualit\u00e9s de la Mosqu\u00e9e de Nogent sur Oise - Mosqu\u00e9e de Nogent sur Oise\",\"isPartOf\":{\"@id\":\"https:\\\/\\\/mosqueenogentsuroise.fr\\\/#website\"},\"primaryImageOfPage\":{\"@id\":\"https:\\\/\\\/mosqueenogentsuroise.fr\\\/#primaryimage\"},\"image\":{\"@id\":\"https:\\\/\\\/mosqueenogentsuroise.fr\\\/#primaryimage\"},\"thumbnailUrl\":\"https:\\\/\\\/mosqueenogentsuroise.fr\\\/wp-content\\\/uploads\\\/2026\\\/02\\\/image-627x1024.png\",\"datePublished\":\"2016-06-02T19:38:24+00:00\",\"dateModified\":\"2026-04-01T10:15:23+00:00\",\"breadcrumb\":{\"@id\":\"https:\\\/\\\/mosqueenogentsuroise.fr\\\/#breadcrumb\"},\"inLanguage\":\"fr-FR\",\"potentialAction\":[{\"@type\":\"ReadAction\",\"target\":[\"https:\\\/\\\/mosqueenogentsuroise.fr\\\/\"]}]},{\"@type\":\"ImageObject\",\"inLanguage\":\"fr-FR\",\"@id\":\"https:\\\/\\\/mosqueenogentsuroise.fr\\\/#primaryimage\",\"url\":\"https:\\\/\\\/mosqueenogentsuroise.fr\\\/wp-content\\\/uploads\\\/2026\\\/02\\\/image.png\",\"contentUrl\":\"https:\\\/\\\/mosqueenogentsuroise.fr\\\/wp-content\\\/uploads\\\/2026\\\/02\\\/image.png\",\"width\":653,\"height\":1067},{\"@type\":\"BreadcrumbList\",\"@id\":\"https:\\\/\\\/mosqueenogentsuroise.fr\\\/#breadcrumb\",\"itemListElement\":[{\"@type\":\"ListItem\",\"position\":1,\"name\":\"Accueil\",\"item\":\"https:\\\/\\\/mosqueenogentsuroise.fr\\\/\"},{\"@type\":\"ListItem\",\"position\":2,\"name\":\"Actualit\u00e9s de la Mosqu\u00e9e de Nogent sur Oise\"}]},{\"@type\":\"WebSite\",\"@id\":\"https:\\\/\\\/mosqueenogentsuroise.fr\\\/#website\",\"url\":\"https:\\\/\\\/mosqueenogentsuroise.fr\\\/\",\"name\":\"Mosqu\u00e9e de Nogent sur Oise\",\"description\":\"\",\"potentialAction\":[{\"@type\":\"SearchAction\",\"target\":{\"@type\":\"EntryPoint\",\"urlTemplate\":\"https:\\\/\\\/mosqueenogentsuroise.fr\\\/?s={search_term_string}\"},\"query-input\":{\"@type\":\"PropertyValueSpecification\",\"valueRequired\":true,\"valueName\":\"search_term_string\"}}],\"inLanguage\":\"fr-FR\"}]}<\/script>\n<!-- \/ Yoast SEO plugin. -->","yoast_head_json":{"title":"Actualit\u00e9s de la Mosqu\u00e9e de Nogent sur Oise - Mosqu\u00e9e de Nogent sur Oise","robots":{"index":"index","follow":"follow","max-snippet":"max-snippet:-1","max-image-preview":"max-image-preview:large","max-video-preview":"max-video-preview:-1"},"canonical":"https:\/\/mosqueenogentsuroise.fr\/","og_locale":"fr_FR","og_type":"article","og_title":"Actualit\u00e9s de la Mosqu\u00e9e de Nogent sur Oise - Mosqu\u00e9e de Nogent sur Oise","og_description":"Rentr\u00e9e Madrassa 2026\/2027 Les pr\u00e9-inscriptions pour la rentr\u00e9e 2026\/2027 sont ouvertes. Vous pouvez saisir votre demande via le bouton ci-dessous : Campagne de dons Ramadhan 2026 Pour contribuer aux charges de la Mosqu\u00e9e et au financement des projets d&rsquo;am\u00e9nagement au&hellip; Savoir plus","og_url":"https:\/\/mosqueenogentsuroise.fr\/","og_site_name":"Mosqu\u00e9e de Nogent sur Oise","article_modified_time":"2026-04-01T10:15:23+00:00","og_image":[{"width":653,"height":1067,"url":"https:\/\/mosqueenogentsuroise.fr\/wp-content\/uploads\/2026\/02\/image.png","type":"image\/png"}],"twitter_card":"summary_large_image","twitter_misc":{"Dur\u00e9e de lecture estim\u00e9e":"1 minute"},"schema":{"@context":"https:\/\/schema.org","@graph":[{"@type":"WebPage","@id":"https:\/\/mosqueenogentsuroise.fr\/","url":"https:\/\/mosqueenogentsuroise.fr\/","name":"Actualit\u00e9s de la Mosqu\u00e9e de Nogent sur Oise - Mosqu\u00e9e de Nogent sur Oise","isPartOf":{"@id":"https:\/\/mosqueenogentsuroise.fr\/#website"},"primaryImageOfPage":{"@id":"https:\/\/mosqueenogentsuroise.fr\/#primaryimage"},"image":{"@id":"https:\/\/mosqueenogentsuroise.fr\/#primaryimage"},"thumbnailUrl":"https:\/\/mosqueenogentsuroise.fr\/wp-content\/uploads\/2026\/02\/image-627x1024.png","datePublished":"2016-06-02T19:38:24+00:00","dateModified":"2026-04-01T10:15:23+00:00","breadcrumb":{"@id":"https:\/\/mosqueenogentsuroise.fr\/#breadcrumb"},"inLanguage":"fr-FR","potentialAction":[{"@type":"ReadAction","target":["https:\/\/mosqueenogentsuroise.fr\/"]}]},{"@type":"ImageObject","inLanguage":"fr-FR","@id":"https:\/\/mosqueenogentsuroise.fr\/#primaryimage","url":"https:\/\/mosqueenogentsuroise.fr\/wp-content\/uploads\/2026\/02\/image.png","contentUrl":"https:\/\/mosqueenogentsuroise.fr\/wp-content\/uploads\/2026\/02\/image.png","width":653,"height":1067},{"@type":"BreadcrumbList","@id":"https:\/\/mosqueenogentsuroise.fr\/#breadcrumb","itemListElement":[{"@type":"ListItem","position":1,"name":"Accueil","item":"https:\/\/mosqueenogentsuroise.fr\/"},{"@type":"ListItem","position":2,"name":"Actualit\u00e9s de la Mosqu\u00e9e de Nogent sur Oise"}]},{"@type":"WebSite","@id":"https:\/\/mosqueenogentsuroise.fr\/#website","url":"https:\/\/mosqueenogentsuroise.fr\/","name":"Mosqu\u00e9e de Nogent sur Oise","description":"","potentialAction":[{"@type":"SearchAction","target":{"@type":"EntryPoint","urlTemplate":"https:\/\/mosqueenogentsuroise.fr\/?s={search_term_string}"},"query-input":{"@type":"PropertyValueSpecification","valueRequired":true,"valueName":"search_term_string"}}],"inLanguage":"fr-FR"}]}},"campaignId":"0","_links":{"self":[{"href":"https:\/\/mosqueenogentsuroise.fr\/index.php\/wp-json\/wp\/v2\/pages\/2","targetHints":{"allow":["GET"]}}],"collection":[{"href":"https:\/\/mosqueenogentsuroise.fr\/index.php\/wp-json\/wp\/v2\/pages"}],"about":[{"href":"https:\/\/mosqueenogentsuroise.fr\/index.php\/wp-json\/wp\/v2\/types\/page"}],"author":[{"embeddable":true,"href":"https:\/\/mosqueenogentsuroise.fr\/index.php\/wp-json\/wp\/v2\/users\/1"}],"replies":[{"embeddable":true,"href":"https:\/\/mosqueenogentsuroise.fr\/index.php\/wp-json\/wp\/v2\/comments?post=2"}],"version-history":[{"count":172,"href":"https:\/\/mosqueenogentsuroise.fr\/index.php\/wp-json\/wp\/v2\/pages\/2\/revisions"}],"predecessor-version":[{"id":1501,"href":"https:\/\/mosqueenogentsuroise.fr\/index.php\/wp-json\/wp\/v2\/pages\/2\/revisions\/1501"}],"wp:attachment":[{"href":"https:\/\/mosqueenogentsuroise.fr\/index.php\/wp-json\/wp\/v2\/media?parent=2"}],"curies":[{"name":"wp","href":"https:\/\/api.w.org\/{rel}","templated":true}]}}