{"id":150,"date":"2016-06-26T13:01:45","date_gmt":"2016-06-26T11:01:45","guid":{"rendered":"https:\/\/mosqueenogentsuroise.fr\/?page_id=150"},"modified":"2024-09-04T15:17:41","modified_gmt":"2024-09-04T13:17:41","slug":"le-projet","status":"publish","type":"page","link":"https:\/\/mosqueenogentsuroise.fr\/index.php\/le-projet\/","title":{"rendered":"Le Projet"},"content":{"rendered":"<h1><span style=\"color: #034c24;\">Historique du Projet\u00a0<\/span><\/h1>\n<p style=\"text-align: justify;\">Nogent-sur-Oise abrite une population estim\u00e9e \u00e0 20000 habitants (4\u00e8me ville du d\u00e9partement de l&rsquo;Oise sur le plan d\u00e9mographique). Environ le tiers de sa population est constitu\u00e9 de familles de confession musulmane qui ne disposaient pas jusqu&rsquo;en 2022 d&rsquo;un lieu ad\u00e9quat pour accomplir les 5 pri\u00e8res quotidiennes, la pri\u00e8re du vendredi et contenant des salles de cours pour l&rsquo;apprentissage des enfants et des adultes.<\/p>\n<p style=\"text-align: justify;\">Depuis 2011, les membres de l&rsquo;Association Nogentaise d\u2019\u00c9changes Culturels (ANEC) n&rsquo;ont cess\u00e9 de r\u00e9fl\u00e9chir et d\u2019\u0153uvrer pour combler ce vide logistique. Un lieu de rencontre appropri\u00e9 est une n\u00e9cessit\u00e9 dans tout endroit sur terre o\u00f9 cohabitent des musulmans. Le Proph\u00e8te Mohamed (PBSL) a lui-m\u00eame, d\u00e8s son arriv\u00e9e \u00e0 M\u00e9dine entreprit imm\u00e9diatement le projet de construction de mosqu\u00e9e afin que les musulmans puissent s&rsquo;y rencontrer pour accomplir la pri\u00e8re mais surtout se conna\u00eetre, s&rsquo;aimer et s&rsquo;entraider.<\/p>\n<p style=\"text-align: justify;\">Apr\u00e8s plusieurs mois de recherches, l\u2019ANEC a pu acqu\u00e9rir, en avril 2018, un terrain d&rsquo;une surface de 1563 m2 situ\u00e9 rue Albert Jacquard et donc proche des quartiers et des habitations.<br \/>\nLe permis de construire ayant \u00e9t\u00e9 valid\u00e9 en d\u00e9cembre 2017, la construction a donc pu d\u00e9buter d\u00e8s le mois de novembre 2018, apr\u00e8s avoir s\u00e9lectionn\u00e9 l&rsquo;entreprise en charge du gros \u0153uvre.<br \/>\nFin 2019, le gros \u0153uvre se termine et nous nous attelions alors au 2nd \u0153uvre (isolation int\u00e9rieur, \u00e9lectricit\u00e9, plomberie, &#8230;). En 2020, compte tenu du contexte sanitaire, le chantier ralentit fortement, nous faisons face \u00e0 de multiples probl\u00e9matiques li\u00e9es \u00e0 la gestion des diff\u00e9rentes soci\u00e9t\u00e9s intervenant sur le chantier. Malgr\u00e9 cela, le chantier avance pas \u00e0 pas.<\/p>\n<p style=\"text-align: justify;\">Septembre 2022, gros soulagement, apr\u00e8s plusieurs mois d&rsquo;efforts, la mosqu\u00e9e est presque termin\u00e9e et est pr\u00eate pour le passage de la commission communale d&rsquo;accessibilit\u00e9 et de s\u00e9curit\u00e9 pour les risques d&rsquo;incendie et de panique dans les \u00e9tablissements recevant du public.<\/p>\n<p><img loading=\"lazy\" decoding=\"async\" class=\"size-full wp-image-1182 aligncenter\" src=\"https:\/\/mosqueenogentsuroise.fr\/wp-content\/uploads\/2022\/11\/Avis-Favorable.png\" alt=\"\" width=\"1587\" height=\"2245\" srcset=\"https:\/\/mosqueenogentsuroise.fr\/wp-content\/uploads\/2022\/11\/Avis-Favorable.png 1587w, https:\/\/mosqueenogentsuroise.fr\/wp-content\/uploads\/2022\/11\/Avis-Favorable-212x300.png 212w, https:\/\/mosqueenogentsuroise.fr\/wp-content\/uploads\/2022\/11\/Avis-Favorable-724x1024.png 724w, https:\/\/mosqueenogentsuroise.fr\/wp-content\/uploads\/2022\/11\/Avis-Favorable-768x1086.png 768w, https:\/\/mosqueenogentsuroise.fr\/wp-content\/uploads\/2022\/11\/Avis-Favorable-1086x1536.png 1086w, https:\/\/mosqueenogentsuroise.fr\/wp-content\/uploads\/2022\/11\/Avis-Favorable-1448x2048.png 1448w, https:\/\/mosqueenogentsuroise.fr\/wp-content\/uploads\/2022\/11\/Avis-Favorable-1170x1655.png 1170w\" sizes=\"auto, (max-width: 1587px) 100vw, 1587px\" \/><\/p>\n<p>Le 4 octobre 2022, la Commission \u00e9met <strong>un avis favorable<\/strong> \u00e0 l&rsquo;ouverture de la mosqu\u00e9e. Dans la foul\u00e9e quelques jours apr\u00e8s, l&rsquo;arr\u00eat\u00e9 municipal autorisant l&rsquo;ouverture de la mosqu\u00e9e est publi\u00e9.<\/p>\n<p>C&rsquo;est une vraie d\u00e9livrance pour tout le monde, \u00e0 la fois pour les membres du bureau de l&rsquo;A.N.E.C. mais \u00e9galement tous les b\u00e9n\u00e9voles et bien s\u00fbr les fid\u00e8les.<\/p>\n<p>Une c\u00e9r\u00e9monie pour l&rsquo;inauguration de la mosqu\u00e9e est organis\u00e9e le 20 octobre avec la pr\u00e9sence de Mr Le Maire de Nogent sur Oise ainsi que diff\u00e9rents repr\u00e9sentants des autorit\u00e9s locales.<\/p>\n<p>Le samedi 22 octobre, la mosqu\u00e9e est cette fois-ci inaugur\u00e9e avec tous les fid\u00e8les avec un programme sp\u00e9cial de la pri\u00e8re de Asr \u00e0 celle de Isha conclut avec un repas pour tous.<\/p>\n<p>Depuis ce jour, la Mosqu\u00e9e est ouverte quotidiennement aux 5 pri\u00e8res et accueille plusieurs dizaines de personnes \u00e0 chaque pri\u00e8re.<\/p>\n<h2><span style=\"color: #034c24;\"><strong>Vous pouvez retrouver toutes les photos et vid\u00e9os du projet dans la rubriques <a style=\"color: #034c24;\" href=\"https:\/\/mosqueenogentsuroise.fr\/index.php\/photos\/\">PHOTOS<\/a><\/strong><\/span><\/h2>\n<h1><span style=\"color: #034c24;\">Description de la Mosqu\u00e9e<\/span><\/h1>\n<p><img loading=\"lazy\" decoding=\"async\" class=\"alignnone size-full wp-image-1251\" src=\"https:\/\/mosqueenogentsuroise.fr\/wp-content\/uploads\/2023\/05\/20230303_135229-scaled.jpg\" alt=\"\" width=\"2560\" height=\"1196\" srcset=\"https:\/\/mosqueenogentsuroise.fr\/wp-content\/uploads\/2023\/05\/20230303_135229-scaled.jpg 2560w, https:\/\/mosqueenogentsuroise.fr\/wp-content\/uploads\/2023\/05\/20230303_135229-300x140.jpg 300w, https:\/\/mosqueenogentsuroise.fr\/wp-content\/uploads\/2023\/05\/20230303_135229-1024x478.jpg 1024w, https:\/\/mosqueenogentsuroise.fr\/wp-content\/uploads\/2023\/05\/20230303_135229-768x359.jpg 768w, https:\/\/mosqueenogentsuroise.fr\/wp-content\/uploads\/2023\/05\/20230303_135229-1536x717.jpg 1536w, https:\/\/mosqueenogentsuroise.fr\/wp-content\/uploads\/2023\/05\/20230303_135229-2048x956.jpg 2048w, https:\/\/mosqueenogentsuroise.fr\/wp-content\/uploads\/2023\/05\/20230303_135229-1170x546.jpg 1170w\" sizes=\"auto, (max-width: 2560px) 100vw, 2560px\" \/><\/p>\n<p>Le b\u00e2timent est constitu\u00e9 de 3 niveaux (Rez de chauss\u00e9e, 1er et 2nd \u00e9tage)<\/p>\n<p>Le Rez de chauss\u00e9e est constitu\u00e9 de :<\/p>\n<ul>\n<li>une salle de pri\u00e8re de 183 m\u00b2<\/li>\n<li>un bureau d&rsquo;accueil de 9 m\u00b2<\/li>\n<li>une salle d&rsquo;ablutions de 21 m\u00b2<\/li>\n<li>un bureau pour l&rsquo;imam de 9 m\u00b2<\/li>\n<li>un hall d&rsquo;entr\u00e9e principal d&rsquo;environ 20m\u00b2<\/li>\n<\/ul>\n<p>Le premier \u00e9tage est constitu\u00e9 de :<\/p>\n<ul>\n<li>un hall principal de 17 m\u00b2<\/li>\n<li>un hall secondaire de 9 m\u00b2<\/li>\n<li>une salle de pri\u00e8re de 87 m\u00b2<\/li>\n<li>une cuisine de 31 m\u00b2<\/li>\n<li>une salle de r\u00e9union de 27 m\u00b2<\/li>\n<li>un second bureau de 19 m\u00b2<\/li>\n<li>une salle d&rsquo;ablutions de 21 m\u00b2<\/li>\n<\/ul>\n<p>Le second \u00e9tage est lui constitu\u00e9 de :<\/p>\n<ul>\n<li>4 salles de cours d&rsquo;environ 30 m\u00b2<\/li>\n<li>une salle d&rsquo;ablutions<\/li>\n<li>une biblioth\u00e8que de 30 m\u00b2<\/li>\n<\/ul>\n<p>Le parking quant \u00e0 lui est compos\u00e9 de 21 places dont 2 places r\u00e9serv\u00e9es aux personnes handicap\u00e9es ainsi que d&rsquo;une aire pour v\u00e9los.<\/p>\n<p><span style=\"color: #034c24;\"><strong>M\u00eame si la Mosqu\u00e9e est maintenant ouverte, il nous reste encore quelques chantiers \u00e0 finaliser, comme la cl\u00f4ture autour du b\u00e2timent avec la pose d&rsquo;un portail et de portillons.<\/strong><\/span><\/p>\n<p>\u00c0 ce titre, l&rsquo;A.N.E.C. continue de faire appel \u00e0 tout donateur et bienfaiteur souhaitant contribuer \u00e0\u00a0 sa r\u00e9alisation. Le Proph\u00e8te (PBSL) disait <strong><em>\u00ab L&rsquo;image des croyants dans les liens d&rsquo;amour, de mis\u00e9ricorde et de compassion qui les unissent les uns aux autres est celle du corps ; d\u00e8s qu&rsquo;un de ses membres se plaint de quelque mal, tout le reste du corps accourt \u00e0 son secours par la veille et la fi\u00e8vre.\u00bb<\/em><\/strong> (Hadith rapport\u00e9 par Anas Ibn Bashir).<\/p>\n","protected":false},"excerpt":{"rendered":"<p>Historique du Projet\u00a0 Nogent-sur-Oise abrite une population estim\u00e9e \u00e0 20000 habitants (4\u00e8me ville du d\u00e9partement de l&rsquo;Oise sur le plan d\u00e9mographique). Environ le tiers de sa population est constitu\u00e9 de familles de confession musulmane qui ne disposaient pas jusqu&rsquo;en 2022&hellip; <br \/><a class=\"read-more-button\" href=\"https:\/\/mosqueenogentsuroise.fr\/index.php\/le-projet\/\">Savoir plus<\/a><\/p>\n","protected":false},"author":1,"featured_media":1266,"parent":0,"menu_order":0,"comment_status":"closed","ping_status":"closed","template":"","meta":{"give_campaign_id":0,"_monsterinsights_skip_tracking":false,"_monsterinsights_sitenote_active":false,"_monsterinsights_sitenote_note":"","_monsterinsights_sitenote_category":0,"footnotes":""},"class_list":["post-150","page","type-page","status-publish","has-post-thumbnail","hentry"],"yoast_head":"<!-- This site is optimized with the Yoast SEO plugin v27.4 - https:\/\/yoast.com\/product\/yoast-seo-wordpress\/ -->\n<title>Le Projet - Mosqu\u00e9e de Nogent sur Oise<\/title>\n<meta name=\"robots\" content=\"index, follow, max-snippet:-1, max-image-preview:large, max-video-preview:-1\" \/>\n<link rel=\"canonical\" href=\"https:\/\/mosqueenogentsuroise.fr\/index.php\/le-projet\/\" \/>\n<meta property=\"og:locale\" content=\"fr_FR\" \/>\n<meta property=\"og:type\" content=\"article\" \/>\n<meta property=\"og:title\" content=\"Le Projet - Mosqu\u00e9e de Nogent sur Oise\" \/>\n<meta property=\"og:description\" content=\"Historique du Projet\u00a0 Nogent-sur-Oise abrite une population estim\u00e9e \u00e0 20000 habitants (4\u00e8me ville du d\u00e9partement de l&rsquo;Oise sur le plan d\u00e9mographique). Environ le tiers de sa population est constitu\u00e9 de familles de confession musulmane qui ne disposaient pas jusqu&rsquo;en 2022&hellip; Savoir plus\" \/>\n<meta property=\"og:url\" content=\"https:\/\/mosqueenogentsuroise.fr\/index.php\/le-projet\/\" \/>\n<meta property=\"og:site_name\" content=\"Mosqu\u00e9e de Nogent sur Oise\" \/>\n<meta property=\"article:modified_time\" content=\"2024-09-04T13:17:41+00:00\" \/>\n<meta property=\"og:image\" content=\"https:\/\/mosqueenogentsuroise.fr\/wp-content\/uploads\/2023\/05\/20221011_184422-scaled.jpg\" \/>\n\t<meta property=\"og:image:width\" content=\"2560\" \/>\n\t<meta property=\"og:image:height\" content=\"1920\" \/>\n\t<meta property=\"og:image:type\" content=\"image\/jpeg\" \/>\n<meta name=\"twitter:card\" content=\"summary_large_image\" \/>\n<meta name=\"twitter:label1\" content=\"Dur\u00e9e de lecture estim\u00e9e\" \/>\n\t<meta name=\"twitter:data1\" content=\"5 minutes\" \/>\n<script type=\"application\/ld+json\" class=\"yoast-schema-graph\">{\"@context\":\"https:\\\/\\\/schema.org\",\"@graph\":[{\"@type\":\"WebPage\",\"@id\":\"https:\\\/\\\/mosqueenogentsuroise.fr\\\/index.php\\\/le-projet\\\/\",\"url\":\"https:\\\/\\\/mosqueenogentsuroise.fr\\\/index.php\\\/le-projet\\\/\",\"name\":\"Le Projet - Mosqu\u00e9e de Nogent sur Oise\",\"isPartOf\":{\"@id\":\"https:\\\/\\\/mosqueenogentsuroise.fr\\\/#website\"},\"primaryImageOfPage\":{\"@id\":\"https:\\\/\\\/mosqueenogentsuroise.fr\\\/index.php\\\/le-projet\\\/#primaryimage\"},\"image\":{\"@id\":\"https:\\\/\\\/mosqueenogentsuroise.fr\\\/index.php\\\/le-projet\\\/#primaryimage\"},\"thumbnailUrl\":\"https:\\\/\\\/mosqueenogentsuroise.fr\\\/wp-content\\\/uploads\\\/2023\\\/05\\\/20221011_184422-scaled.jpg\",\"datePublished\":\"2016-06-26T11:01:45+00:00\",\"dateModified\":\"2024-09-04T13:17:41+00:00\",\"breadcrumb\":{\"@id\":\"https:\\\/\\\/mosqueenogentsuroise.fr\\\/index.php\\\/le-projet\\\/#breadcrumb\"},\"inLanguage\":\"fr-FR\",\"potentialAction\":[{\"@type\":\"ReadAction\",\"target\":[\"https:\\\/\\\/mosqueenogentsuroise.fr\\\/index.php\\\/le-projet\\\/\"]}]},{\"@type\":\"ImageObject\",\"inLanguage\":\"fr-FR\",\"@id\":\"https:\\\/\\\/mosqueenogentsuroise.fr\\\/index.php\\\/le-projet\\\/#primaryimage\",\"url\":\"https:\\\/\\\/mosqueenogentsuroise.fr\\\/wp-content\\\/uploads\\\/2023\\\/05\\\/20221011_184422-scaled.jpg\",\"contentUrl\":\"https:\\\/\\\/mosqueenogentsuroise.fr\\\/wp-content\\\/uploads\\\/2023\\\/05\\\/20221011_184422-scaled.jpg\",\"width\":2560,\"height\":1920},{\"@type\":\"BreadcrumbList\",\"@id\":\"https:\\\/\\\/mosqueenogentsuroise.fr\\\/index.php\\\/le-projet\\\/#breadcrumb\",\"itemListElement\":[{\"@type\":\"ListItem\",\"position\":1,\"name\":\"Accueil\",\"item\":\"https:\\\/\\\/mosqueenogentsuroise.fr\\\/\"},{\"@type\":\"ListItem\",\"position\":2,\"name\":\"Le Projet\"}]},{\"@type\":\"WebSite\",\"@id\":\"https:\\\/\\\/mosqueenogentsuroise.fr\\\/#website\",\"url\":\"https:\\\/\\\/mosqueenogentsuroise.fr\\\/\",\"name\":\"Mosqu\u00e9e de Nogent sur Oise\",\"description\":\"\",\"potentialAction\":[{\"@type\":\"SearchAction\",\"target\":{\"@type\":\"EntryPoint\",\"urlTemplate\":\"https:\\\/\\\/mosqueenogentsuroise.fr\\\/?s={search_term_string}\"},\"query-input\":{\"@type\":\"PropertyValueSpecification\",\"valueRequired\":true,\"valueName\":\"search_term_string\"}}],\"inLanguage\":\"fr-FR\"}]}<\/script>\n<!-- \/ Yoast SEO plugin. -->","yoast_head_json":{"title":"Le Projet - Mosqu\u00e9e de Nogent sur Oise","robots":{"index":"index","follow":"follow","max-snippet":"max-snippet:-1","max-image-preview":"max-image-preview:large","max-video-preview":"max-video-preview:-1"},"canonical":"https:\/\/mosqueenogentsuroise.fr\/index.php\/le-projet\/","og_locale":"fr_FR","og_type":"article","og_title":"Le Projet - Mosqu\u00e9e de Nogent sur Oise","og_description":"Historique du Projet\u00a0 Nogent-sur-Oise abrite une population estim\u00e9e \u00e0 20000 habitants (4\u00e8me ville du d\u00e9partement de l&rsquo;Oise sur le plan d\u00e9mographique). Environ le tiers de sa population est constitu\u00e9 de familles de confession musulmane qui ne disposaient pas jusqu&rsquo;en 2022&hellip; Savoir plus","og_url":"https:\/\/mosqueenogentsuroise.fr\/index.php\/le-projet\/","og_site_name":"Mosqu\u00e9e de Nogent sur Oise","article_modified_time":"2024-09-04T13:17:41+00:00","og_image":[{"width":2560,"height":1920,"url":"https:\/\/mosqueenogentsuroise.fr\/wp-content\/uploads\/2023\/05\/20221011_184422-scaled.jpg","type":"image\/jpeg"}],"twitter_card":"summary_large_image","twitter_misc":{"Dur\u00e9e de lecture estim\u00e9e":"5 minutes"},"schema":{"@context":"https:\/\/schema.org","@graph":[{"@type":"WebPage","@id":"https:\/\/mosqueenogentsuroise.fr\/index.php\/le-projet\/","url":"https:\/\/mosqueenogentsuroise.fr\/index.php\/le-projet\/","name":"Le Projet - Mosqu\u00e9e de Nogent sur Oise","isPartOf":{"@id":"https:\/\/mosqueenogentsuroise.fr\/#website"},"primaryImageOfPage":{"@id":"https:\/\/mosqueenogentsuroise.fr\/index.php\/le-projet\/#primaryimage"},"image":{"@id":"https:\/\/mosqueenogentsuroise.fr\/index.php\/le-projet\/#primaryimage"},"thumbnailUrl":"https:\/\/mosqueenogentsuroise.fr\/wp-content\/uploads\/2023\/05\/20221011_184422-scaled.jpg","datePublished":"2016-06-26T11:01:45+00:00","dateModified":"2024-09-04T13:17:41+00:00","breadcrumb":{"@id":"https:\/\/mosqueenogentsuroise.fr\/index.php\/le-projet\/#breadcrumb"},"inLanguage":"fr-FR","potentialAction":[{"@type":"ReadAction","target":["https:\/\/mosqueenogentsuroise.fr\/index.php\/le-projet\/"]}]},{"@type":"ImageObject","inLanguage":"fr-FR","@id":"https:\/\/mosqueenogentsuroise.fr\/index.php\/le-projet\/#primaryimage","url":"https:\/\/mosqueenogentsuroise.fr\/wp-content\/uploads\/2023\/05\/20221011_184422-scaled.jpg","contentUrl":"https:\/\/mosqueenogentsuroise.fr\/wp-content\/uploads\/2023\/05\/20221011_184422-scaled.jpg","width":2560,"height":1920},{"@type":"BreadcrumbList","@id":"https:\/\/mosqueenogentsuroise.fr\/index.php\/le-projet\/#breadcrumb","itemListElement":[{"@type":"ListItem","position":1,"name":"Accueil","item":"https:\/\/mosqueenogentsuroise.fr\/"},{"@type":"ListItem","position":2,"name":"Le Projet"}]},{"@type":"WebSite","@id":"https:\/\/mosqueenogentsuroise.fr\/#website","url":"https:\/\/mosqueenogentsuroise.fr\/","name":"Mosqu\u00e9e de Nogent sur Oise","description":"","potentialAction":[{"@type":"SearchAction","target":{"@type":"EntryPoint","urlTemplate":"https:\/\/mosqueenogentsuroise.fr\/?s={search_term_string}"},"query-input":{"@type":"PropertyValueSpecification","valueRequired":true,"valueName":"search_term_string"}}],"inLanguage":"fr-FR"}]}},"campaignId":"","_links":{"self":[{"href":"https:\/\/mosqueenogentsuroise.fr\/index.php\/wp-json\/wp\/v2\/pages\/150","targetHints":{"allow":["GET"]}}],"collection":[{"href":"https:\/\/mosqueenogentsuroise.fr\/index.php\/wp-json\/wp\/v2\/pages"}],"about":[{"href":"https:\/\/mosqueenogentsuroise.fr\/index.php\/wp-json\/wp\/v2\/types\/page"}],"author":[{"embeddable":true,"href":"https:\/\/mosqueenogentsuroise.fr\/index.php\/wp-json\/wp\/v2\/users\/1"}],"replies":[{"embeddable":true,"href":"https:\/\/mosqueenogentsuroise.fr\/index.php\/wp-json\/wp\/v2\/comments?post=150"}],"version-history":[{"count":19,"href":"https:\/\/mosqueenogentsuroise.fr\/index.php\/wp-json\/wp\/v2\/pages\/150\/revisions"}],"predecessor-version":[{"id":1392,"href":"https:\/\/mosqueenogentsuroise.fr\/index.php\/wp-json\/wp\/v2\/pages\/150\/revisions\/1392"}],"wp:featuredmedia":[{"embeddable":true,"href":"https:\/\/mosqueenogentsuroise.fr\/index.php\/wp-json\/wp\/v2\/media\/1266"}],"wp:attachment":[{"href":"https:\/\/mosqueenogentsuroise.fr\/index.php\/wp-json\/wp\/v2\/media?parent=150"}],"curies":[{"name":"wp","href":"https:\/\/api.w.org\/{rel}","templated":true}]}}