{"id":1495,"date":"2026-03-30T22:04:25","date_gmt":"2026-03-30T20:04:25","guid":{"rendered":"https:\/\/mosqueenogentsuroise.fr\/?page_id=1495"},"modified":"2026-03-30T22:04:26","modified_gmt":"2026-03-30T20:04:26","slug":"reinscriptionadultes2026-2027","status":"publish","type":"page","link":"https:\/\/mosqueenogentsuroise.fr\/index.php\/nos-activites\/cours-pour-adultes\/reinscriptionadultes2026-2027\/","title":{"rendered":"R\u00e9inscriptions aux cours adultes Madrassa 2026\/2027"},"content":{"rendered":"<div class=\"caldera-grid\" id=\"caldera_form_1\" data-cf-ver=\"1.9.6\" data-cf-form-id=\"CF69cacfb7026e0\"><div id=\"caldera_notices_1\" data-spinner=\"https:\/\/mosqueenogentsuroise.fr\/wp-admin\/images\/spinner.gif\"><\/div><form data-instance=\"1\" class=\"CF69cacfb7026e0 caldera_forms_form\" method=\"POST\" enctype=\"multipart\/form-data\" id=\"CF69cacfb7026e0_1\" data-form-id=\"CF69cacfb7026e0\" aria-label=\"R&eacute;inscription adultes Madrassa 2026\/2027\">\r\n<input type=\"hidden\" id=\"_cf_verify_CF69cacfb7026e0\" name=\"_cf_verify\" value=\"5cbaa004c0\"  data-nonce-time=\"1777586279\" \/><input type=\"hidden\" name=\"_wp_http_referer\" value=\"\/index.php\/wp-json\/wp\/v2\/pages\/1495\" \/><div id=\"cf2-CF69cacfb7026e0_1\"><\/div><input type=\"hidden\" name=\"_cf_frm_id\" value=\"CF69cacfb7026e0\">\r\n<input type=\"hidden\" name=\"_cf_frm_ct\" value=\"1\">\r\n<input type=\"hidden\" name=\"_cf_cr_pst\" value=\"1495\">\r\n<div class=\"hide\" style=\"display:none; overflow:hidden;height:0;width:0;\">\r\n<label>Web Site<\/label><input type=\"text\" name=\"web_site\" value=\"\" autocomplete=\"off\">\r\n<\/div><div id=\"CF69cacfb7026e0_1-row-1\"  class=\"row  first_row\"><div  class=\"col-sm-12  single\"><div class=\"\"><p><b><\/p>\n<h3 style=\"text-align: center\"><font color=\"red\">!! CE FORMULAIRE EST RESERVE AUX ELEVES DEJA INSCRIT DURANT L'ANNEE 2025\/2026 !!<\/font><\/h3>\n<\/div><div class=\"\"><p><b><\/p>\n<h3 style=\"text-align: center\"><font color=\"red\">La r\u00e9inscription pour l'ann\u00e9e 2026\/2027 ne sera valid\u00e9e que si la cotisation de cette ann\u00e9e a \u00e9t\u00e9 enti\u00e8rement r\u00e9gl\u00e9e. <\/font><\/h3>\n<p><\/p>\n<h3>N'h\u00e9sitez pas \u00e0 vous rapprocher du bureau de la Madrassa pour toute question.<\/h3>\n<p><\/b><\/p>\n<\/div><div class=\"\"><h2>INFORMATIONS GENERALES<\/p>\n<h2>\n<\/div><input    type=\"hidden\" data-field=\"fld_1804664\" class=\" form-control\" id=\"fld_1804664_1\" name=\"fld_1804664\" value=\"2026-04-30 23:57:59\" data-type=\"hidden\"   ><div data-field-wrapper=\"fld_3695570\" class=\"form-group\" id=\"fld_3695570_1-wrap\">\r\n\t<label id=\"fld_3695570Label\" for=\"fld_3695570_1\" class=\"control-label\">Nom <span aria-hidden=\"true\" role=\"presentation\" class=\"field_required\" style=\"color:#ee0000;\">*<\/span><\/label>\r\n\t<div class=\"\">\r\n\t\t<input   required type=\"text\" data-field=\"fld_3695570\" class=\" form-control\" id=\"fld_3695570_1\" name=\"fld_3695570\" value=\"\" data-type=\"text\" aria-required=\"true\"   aria-labelledby=\"fld_3695570Label\" >\t\t\t<\/div>\r\n<\/div>\r\n<div data-field-wrapper=\"fld_9797610\" class=\"form-group\" id=\"fld_9797610_1-wrap\">\r\n\t<label id=\"fld_9797610Label\" for=\"fld_9797610_1\" class=\"control-label\">Pr\u00e9nom <span aria-hidden=\"true\" role=\"presentation\" class=\"field_required\" style=\"color:#ee0000;\">*<\/span><\/label>\r\n\t<div class=\"\">\r\n\t\t<input   required type=\"text\" data-field=\"fld_9797610\" class=\" form-control\" id=\"fld_9797610_1\" name=\"fld_9797610\" value=\"\" data-type=\"text\" aria-required=\"true\"   aria-labelledby=\"fld_9797610Label\" >\t\t\t<\/div>\r\n<\/div>\r\n<div data-field-wrapper=\"fld_5152928\" class=\"form-group\" id=\"fld_5152928_1-wrap\">\r\n\t<label id=\"fld_5152928Label\" for=\"fld_5152928_1\" class=\"control-label\">Num\u00e9ro de t\u00e9l\u00e9phone <span aria-hidden=\"true\" role=\"presentation\" class=\"field_required\" style=\"color:#ee0000;\">*<\/span><\/label>\r\n\t<div class=\"\">\r\n\t\t<input  data-inputmask=\"'mask': '99 99 99 99 99'\"  required type=\"phone\" data-field=\"fld_5152928\" class=\" form-control\" id=\"fld_5152928_1\" name=\"fld_5152928\" value=\"\" data-type=\"phone\" aria-required=\"true\"   aria-labelledby=\"fld_5152928Label\" >\t\t\t<\/div>\r\n<\/div>\r\n<div data-field-wrapper=\"fld_9115864\" class=\"form-group\" id=\"fld_9115864_1-wrap\">\r\n\t<label id=\"fld_9115864Label\" for=\"fld_9115864_1\" class=\"control-label\">Email <span aria-hidden=\"true\" role=\"presentation\" class=\"field_required\" style=\"color:#ee0000;\">*<\/span><\/label>\r\n\t<div class=\"\">\r\n\t\t<input   required type=\"email\" data-field=\"fld_9115864\" class=\" form-control\" id=\"fld_9115864_1\" name=\"fld_9115864\" value=\"\" data-type=\"email\" aria-required=\"true\"   aria-labelledby=\"fld_9115864Label\" >\t\t\t<\/div>\r\n<\/div>\r\n<div data-field-wrapper=\"fld_5456211\" class=\"form-group\" id=\"fld_5456211_1-wrap\">\r\n<label id=\"fld_5456211Label\" for=\"fld_5456211_1\" class=\"control-label\">Dans quelle classe avez-vous suivi des cours cette ann\u00e9e 2025\/2026 ? <span aria-hidden=\"true\" role=\"presentation\" class=\"field_required\" style=\"color:#ee0000;\">*<\/span><\/label>\r\n<div class=\"\">\r\n\t\t\t\t\t<div class=\"radio\">\n\t\t\t\t<label data-label=\"classe femmes en semaine\" for=\"fld_5456211_1_opt1241405\"><input type=\"radio\" id=\"fld_5456211_1_opt1241405\" data-field=\"fld_5456211\" class=\"fld_5456211_1 option-required\" name=\"fld_5456211\" value=\"classe femmes en semaine\"   required=\"required\" data-radio-field=\"fld_5456211_1\" data-type=\"radio\" data-calc-value=\"classe femmes en semaine\" \/>\n\t\t\tclasse femmes en semaine\t\t<\/label>\n\t\t\t\t\t<\/div>\n\t\t\t\t\t\t\t\t\t<div class=\"radio\">\n\t\t\t\t<label data-label=\"classe femmes en weekend\" for=\"fld_5456211_1_opt1202219\"><input type=\"radio\" id=\"fld_5456211_1_opt1202219\" data-field=\"fld_5456211\" class=\"fld_5456211_1 option-required\" name=\"fld_5456211\" value=\"classe femmes en weekend\"   required=\"required\" data-radio-field=\"fld_5456211_1\" data-type=\"radio\" data-calc-value=\"classe femmes en weekend\" \/>\n\t\t\tclasse femmes en weekend\t\t<\/label>\n\t\t\t\t\t<\/div>\n\t\t\t\t\t\t\t\t\t<div class=\"radio\">\n\t\t\t\t<label data-label=\"classe hommes\" for=\"fld_5456211_1_opt1631387\"><input type=\"radio\" id=\"fld_5456211_1_opt1631387\" data-field=\"fld_5456211\" class=\"fld_5456211_1 option-required\" name=\"fld_5456211\" value=\"classe hommes\"   required=\"required\" data-radio-field=\"fld_5456211_1\" data-type=\"radio\" data-calc-value=\"classe hommes\" \/>\n\t\t\tclasse hommes\t\t<\/label>\n\t\t\t\t\t<\/div>\n\t\t\t\t<\/div>\r\n<\/div>\r\n<div data-field-wrapper=\"fld_2453382\" class=\"form-group\" id=\"fld_2453382_1-wrap\">\r\n<label id=\"fld_2453382Label\" for=\"fld_2453382_1\" class=\"control-label\">Souhaitez-vous vous r\u00e9inscrire pour l'ann\u00e9e 2026\/2027 <span aria-hidden=\"true\" role=\"presentation\" class=\"field_required\" style=\"color:#ee0000;\">*<\/span><\/label>\r\n<div class=\"\">\r\n\t\t\t\t\t<div class=\"radio\">\n\t\t\t\t<label data-label=\"Oui\" for=\"fld_2453382_1_opt1197917\"><input type=\"radio\" id=\"fld_2453382_1_opt1197917\" data-field=\"fld_2453382\" class=\"fld_2453382_1 option-required\" name=\"fld_2453382\" value=\"Oui\"   required=\"required\" data-radio-field=\"fld_2453382_1\" data-type=\"radio\" data-calc-value=\"Oui\" \/>\n\t\t\tOui\t\t<\/label>\n\t\t\t\t\t<\/div>\n\t\t\t\t\t\t\t\t\t<div class=\"radio\">\n\t\t\t\t<label data-label=\"Non\" for=\"fld_2453382_1_opt2034339\"><input type=\"radio\" id=\"fld_2453382_1_opt2034339\" data-field=\"fld_2453382\" class=\"fld_2453382_1 option-required\" name=\"fld_2453382\" value=\"Non\"   required=\"required\" data-radio-field=\"fld_2453382_1\" data-type=\"radio\" data-calc-value=\"Non\" \/>\n\t\t\tNon\t\t<\/label>\n\t\t\t\t\t<\/div>\n\t\t\t\t<\/div>\r\n<\/div>\r\n<span class=\"caldera-forms-conditional-field\" role=\"region\" aria-live=\"polite\" id=\"conditional_fld_9015301_1\" data-field-id=\"fld_9015301_1\"><\/span><div data-field-wrapper=\"fld_5308934\" class=\"form-group\" id=\"fld_5308934_1-wrap\">\r\n\t<label id=\"fld_5308934Label\" for=\"fld_5308934_1\" class=\"control-label\">Avez-vous des suggestions particuli\u00e8res \u00e0 partager avec les enseignants et le Bureau de la Madrassa ?<\/label>\r\n\t<div class=\"\">\r\n\t\t<textarea name=\"fld_5308934\" value=\"\" data-field=\"fld_5308934\" class=\"form-control\" id=\"fld_5308934_1\" rows=\"4\"    aria-labelledby=\"fld_5308934Label\" ><\/textarea>\n\t\t\t<\/div>\r\n<\/div>\r\n<hr id=\"fld_6041432_1\" class=\"\" style=\"width: 100%\" \/><div class=\"\"><h2>ENGAGEMENT D'ASSIDUITE<\/p>\n<h2>\n<\/div><div data-field-wrapper=\"fld_7618715\" class=\"form-group\" id=\"fld_7618715_1-wrap\">\r\n<label id=\"fld_7618715Label\" for=\"fld_7618715_1\" class=\"control-label screen-reader-text sr-only\">assiduit\u00e9<\/label>\r\n<div class=\"\">\r\n\t\t\t\t\t<div class=\"radio\">\n\t\t\t\t<label data-label=\"En cochant cette case, vous vous engagez \u00e0 \u00eatre assidu tout au long de l&#039;ann\u00e9e et \u00e0 informer l&#039;enseignant en cas d&#039;absence\" for=\"fld_7618715_1_opt1113534\"><input type=\"radio\" id=\"fld_7618715_1_opt1113534\" data-field=\"fld_7618715\" class=\"fld_7618715_1 option-required\" name=\"fld_7618715\" value=\"En cochant cette case, vous vous engagez \u00e0 \u00eatre assidu tout au long de l&#039;ann\u00e9e et \u00e0 informer l&#039;enseignant en cas d&#039;absence\"   required=\"required\" data-radio-field=\"fld_7618715_1\" data-type=\"radio\" data-calc-value=\"En cochant cette case, vous vous engagez \u00e0 \u00eatre assidu tout au long de l&#039;ann\u00e9e et \u00e0 informer l&#039;enseignant en cas d&#039;absence\" \/>\n\t\t\tEn cochant cette case, vous vous engagez \u00e0 \u00eatre assidu tout au long de l'ann\u00e9e et \u00e0 informer l'enseignant en cas d'absence\t\t<\/label>\n\t\t\t\t\t<\/div>\n\t\t\t\t<\/div>\r\n<\/div>\r\n<hr id=\"fld_1333061_1\" class=\"\" style=\"width: 100%\" \/><\/div><\/div><div id=\"CF69cacfb7026e0_1-row-2\"  class=\"row  last_row\"><div  class=\"col-sm-12  single\"><div data-field-wrapper=\"fld_6846577\" class=\"form-group\" id=\"fld_6846577_1-wrap\">\r\n<div class=\"\">\r\n\n<div class=\"checkbox-inline caldera-forms-consent-field\">\n    <input data-parsley-required=\"true\" data-parsley-group=\"fld_6846577_1\" data-parsley-multiple=\"fld_6846577_1\"        type=\"checkbox\" data-label=\"En cochant cette case\"\n        data-field=\"fld_6846577\"\n        id=\"fld_6846577_1\"\n        class=\"fld_6846577_1 option-required\"\n        name=\"fld_6846577\"\n        value=\"1\"\n        data-type=\"checkbox\"\n        data-checkbox-field=\"fld_6846577_1\"\n    >\n    <label for=\"fld_6846577_1\"\n           class=\"caldera-forms-gdpr-field-label\"\n           style=\"display:inline; margin-left: 0.5rem;\"\n    >\n        En cochant cette case        <p\n            class=\"caldera-forms-consent-field-agreement\"\n        >\n            vous acceptez la collecte des donn\u00e9es dans le cadre de la gestion des inscriptions \u00e0 la Madrassa pour l&#039;ann\u00e9e 2026\/2027 et vous confirmez avoir lu et accept\u00e9 la        <\/p>\n        <a href=\"https:\/\/mosqueenogentsuroise.fr\/index.php\/politique-de-confidentialite\/\"\n           target=\"_blank\"\n                title=\"Page de politique de confidentialit\u00e9\"\n            class=\"caldera-forms-consent-field-linked_text\"\n            >\n            politique de confidentialit\u00e9 du site        <\/a>\n    <\/label>\n    <span style=\"color:#ff0000;\">*<\/span>\n<\/div>\n\n<\/div>\r\n<\/div>\r\n<span class=\"caldera-forms-conditional-field\" role=\"region\" aria-live=\"polite\" id=\"conditional_fld_2264303_1\" data-field-id=\"fld_2264303_1\"><\/span><\/div><\/div><\/form>\r\n<\/div>\r\n<script type=\"text\/javascript\">\r\nif( typeof caldera_conditionals === \"undefined\" ){ var caldera_conditionals = {}; }caldera_conditionals.CF69cacfb7026e0_1 = {\"fld_9015301_1\":{\"type\":\"show\",\"group\":{\"rw_grhqiyyuqj\":{\"cl_eethvymci\":{\"id\":\"cl_eethvymci\",\"field\":\"fld_2453382\",\"value\":\"Non\",\"compare\":\"is\",\"parent\":\"rw_grhqiyyuqj\",\"label\":\"Non\"}}}},\"fld_2264303_1\":{\"type\":\"show\",\"group\":{\"rw_rahwsuuntg\":{\"cl_bzepxslze\":{\"id\":\"cl_bzepxslze\",\"field\":\"fld_6846577\",\"value\":\"1\",\"compare\":\"is\",\"parent\":\"rw_rahwsuuntg\"}}}}};\r\n<\/script>\r\n<script type=\"text\/html\" id=\"conditional-fld_9015301_1-tmpl\">\r\n<div data-field-wrapper=\"fld_9015301\" class=\"form-group\" id=\"fld_9015301_1-wrap\">\r\n\t<label id=\"fld_9015301Label\" for=\"fld_9015301_1\" class=\"control-label\">Pourriez-vous nous expliquer en quelques mots les raisons de ce refus, ceci afin d'am\u00e9liorer l'offre d'enseignement de la Madrassa ?<\/label>\r\n\t<div class=\"\">\r\n\t\t<textarea name=\"fld_9015301\" value=\"\" data-field=\"fld_9015301\" class=\"form-control\" id=\"fld_9015301_1\" rows=\"4\"    aria-labelledby=\"fld_9015301Label\" ><\/textarea>\n\t\t\t<\/div>\r\n<\/div>\r\n<\/script>\r\n\r\n<script type=\"text\/html\" id=\"conditional-fld_2264303_1-tmpl\">\r\n<div data-field-wrapper=\"fld_2264303\" class=\"form-group\" id=\"fld_2264303_1-wrap\">\r\n\t<label class=\"control-label\">&nbsp;<\/label>\n<div class=\"\">\r\n\t<input  class=\"btn btn-default\" type=\"submit\" name=\"fld_2264303\" id=\"fld_2264303_1\" value=\"Envoyer\" data-field=\"fld_2264303\"  >\n<\/div>\r\n<\/div>\r\n\t<input class=\"button_trigger_1\" type=\"hidden\" name=\"fld_2264303\" id=\"fld_2264303_1_btn\" value=\"\" data-field=\"fld_2264303\"  \/>\n<\/script>\r\n\n\n\n\n<p><\/p>\n","protected":false},"excerpt":{"rendered":"","protected":false},"author":1,"featured_media":0,"parent":230,"menu_order":4,"comment_status":"closed","ping_status":"closed","template":"","meta":{"give_campaign_id":0,"_monsterinsights_skip_tracking":false,"_monsterinsights_sitenote_active":false,"_monsterinsights_sitenote_note":"","_monsterinsights_sitenote_category":0,"footnotes":""},"class_list":["post-1495","page","type-page","status-publish","hentry"],"yoast_head":"<!-- This site is optimized with the Yoast SEO plugin v27.5 - https:\/\/yoast.com\/product\/yoast-seo-wordpress\/ -->\n<title>R\u00e9inscriptions aux cours adultes Madrassa 2026\/2027 - Mosqu\u00e9e de Nogent sur Oise<\/title>\n<meta name=\"robots\" content=\"index, follow, max-snippet:-1, max-image-preview:large, max-video-preview:-1\" \/>\n<link rel=\"canonical\" href=\"https:\/\/mosqueenogentsuroise.fr\/index.php\/nos-activites\/cours-pour-adultes\/reinscriptionadultes2026-2027\/\" \/>\n<meta property=\"og:locale\" content=\"fr_FR\" \/>\n<meta property=\"og:type\" content=\"article\" \/>\n<meta property=\"og:title\" content=\"R\u00e9inscriptions aux cours adultes Madrassa 2026\/2027 - Mosqu\u00e9e de Nogent sur Oise\" \/>\n<meta property=\"og:url\" content=\"https:\/\/mosqueenogentsuroise.fr\/index.php\/nos-activites\/cours-pour-adultes\/reinscriptionadultes2026-2027\/\" \/>\n<meta property=\"og:site_name\" content=\"Mosqu\u00e9e de Nogent sur Oise\" \/>\n<meta property=\"article:modified_time\" content=\"2026-03-30T20:04:26+00:00\" \/>\n<meta name=\"twitter:card\" content=\"summary_large_image\" \/>\n<meta name=\"twitter:label1\" content=\"Dur\u00e9e de lecture estim\u00e9e\" \/>\n\t<meta name=\"twitter:data1\" content=\"1 minute\" \/>\n<script type=\"application\/ld+json\" class=\"yoast-schema-graph\">{\"@context\":\"https:\\\/\\\/schema.org\",\"@graph\":[{\"@type\":\"WebPage\",\"@id\":\"https:\\\/\\\/mosqueenogentsuroise.fr\\\/index.php\\\/nos-activites\\\/cours-pour-adultes\\\/reinscriptionadultes2026-2027\\\/\",\"url\":\"https:\\\/\\\/mosqueenogentsuroise.fr\\\/index.php\\\/nos-activites\\\/cours-pour-adultes\\\/reinscriptionadultes2026-2027\\\/\",\"name\":\"R\u00e9inscriptions aux cours adultes Madrassa 2026\\\/2027 - Mosqu\u00e9e de Nogent sur Oise\",\"isPartOf\":{\"@id\":\"https:\\\/\\\/mosqueenogentsuroise.fr\\\/#website\"},\"datePublished\":\"2026-03-30T20:04:25+00:00\",\"dateModified\":\"2026-03-30T20:04:26+00:00\",\"breadcrumb\":{\"@id\":\"https:\\\/\\\/mosqueenogentsuroise.fr\\\/index.php\\\/nos-activites\\\/cours-pour-adultes\\\/reinscriptionadultes2026-2027\\\/#breadcrumb\"},\"inLanguage\":\"fr-FR\",\"potentialAction\":[{\"@type\":\"ReadAction\",\"target\":[\"https:\\\/\\\/mosqueenogentsuroise.fr\\\/index.php\\\/nos-activites\\\/cours-pour-adultes\\\/reinscriptionadultes2026-2027\\\/\"]}]},{\"@type\":\"BreadcrumbList\",\"@id\":\"https:\\\/\\\/mosqueenogentsuroise.fr\\\/index.php\\\/nos-activites\\\/cours-pour-adultes\\\/reinscriptionadultes2026-2027\\\/#breadcrumb\",\"itemListElement\":[{\"@type\":\"ListItem\",\"position\":1,\"name\":\"Accueil\",\"item\":\"https:\\\/\\\/mosqueenogentsuroise.fr\\\/\"},{\"@type\":\"ListItem\",\"position\":2,\"name\":\"Nos activit\u00e9s\",\"item\":\"https:\\\/\\\/mosqueenogentsuroise.fr\\\/index.php\\\/nos-activites\\\/\"},{\"@type\":\"ListItem\",\"position\":3,\"name\":\"Cours pour adultes\",\"item\":\"https:\\\/\\\/mosqueenogentsuroise.fr\\\/index.php\\\/nos-activites\\\/cours-pour-adultes\\\/\"},{\"@type\":\"ListItem\",\"position\":4,\"name\":\"R\u00e9inscriptions aux cours adultes Madrassa 2026\\\/2027\"}]},{\"@type\":\"WebSite\",\"@id\":\"https:\\\/\\\/mosqueenogentsuroise.fr\\\/#website\",\"url\":\"https:\\\/\\\/mosqueenogentsuroise.fr\\\/\",\"name\":\"Mosqu\u00e9e de Nogent sur Oise\",\"description\":\"\",\"potentialAction\":[{\"@type\":\"SearchAction\",\"target\":{\"@type\":\"EntryPoint\",\"urlTemplate\":\"https:\\\/\\\/mosqueenogentsuroise.fr\\\/?s={search_term_string}\"},\"query-input\":{\"@type\":\"PropertyValueSpecification\",\"valueRequired\":true,\"valueName\":\"search_term_string\"}}],\"inLanguage\":\"fr-FR\"}]}<\/script>\n<!-- \/ Yoast SEO plugin. -->","yoast_head_json":{"title":"R\u00e9inscriptions aux cours adultes Madrassa 2026\/2027 - Mosqu\u00e9e de Nogent sur Oise","robots":{"index":"index","follow":"follow","max-snippet":"max-snippet:-1","max-image-preview":"max-image-preview:large","max-video-preview":"max-video-preview:-1"},"canonical":"https:\/\/mosqueenogentsuroise.fr\/index.php\/nos-activites\/cours-pour-adultes\/reinscriptionadultes2026-2027\/","og_locale":"fr_FR","og_type":"article","og_title":"R\u00e9inscriptions aux cours adultes Madrassa 2026\/2027 - Mosqu\u00e9e de Nogent sur Oise","og_url":"https:\/\/mosqueenogentsuroise.fr\/index.php\/nos-activites\/cours-pour-adultes\/reinscriptionadultes2026-2027\/","og_site_name":"Mosqu\u00e9e de Nogent sur Oise","article_modified_time":"2026-03-30T20:04:26+00:00","twitter_card":"summary_large_image","twitter_misc":{"Dur\u00e9e de lecture estim\u00e9e":"1 minute"},"schema":{"@context":"https:\/\/schema.org","@graph":[{"@type":"WebPage","@id":"https:\/\/mosqueenogentsuroise.fr\/index.php\/nos-activites\/cours-pour-adultes\/reinscriptionadultes2026-2027\/","url":"https:\/\/mosqueenogentsuroise.fr\/index.php\/nos-activites\/cours-pour-adultes\/reinscriptionadultes2026-2027\/","name":"R\u00e9inscriptions aux cours adultes Madrassa 2026\/2027 - Mosqu\u00e9e de Nogent sur Oise","isPartOf":{"@id":"https:\/\/mosqueenogentsuroise.fr\/#website"},"datePublished":"2026-03-30T20:04:25+00:00","dateModified":"2026-03-30T20:04:26+00:00","breadcrumb":{"@id":"https:\/\/mosqueenogentsuroise.fr\/index.php\/nos-activites\/cours-pour-adultes\/reinscriptionadultes2026-2027\/#breadcrumb"},"inLanguage":"fr-FR","potentialAction":[{"@type":"ReadAction","target":["https:\/\/mosqueenogentsuroise.fr\/index.php\/nos-activites\/cours-pour-adultes\/reinscriptionadultes2026-2027\/"]}]},{"@type":"BreadcrumbList","@id":"https:\/\/mosqueenogentsuroise.fr\/index.php\/nos-activites\/cours-pour-adultes\/reinscriptionadultes2026-2027\/#breadcrumb","itemListElement":[{"@type":"ListItem","position":1,"name":"Accueil","item":"https:\/\/mosqueenogentsuroise.fr\/"},{"@type":"ListItem","position":2,"name":"Nos activit\u00e9s","item":"https:\/\/mosqueenogentsuroise.fr\/index.php\/nos-activites\/"},{"@type":"ListItem","position":3,"name":"Cours pour adultes","item":"https:\/\/mosqueenogentsuroise.fr\/index.php\/nos-activites\/cours-pour-adultes\/"},{"@type":"ListItem","position":4,"name":"R\u00e9inscriptions aux cours adultes Madrassa 2026\/2027"}]},{"@type":"WebSite","@id":"https:\/\/mosqueenogentsuroise.fr\/#website","url":"https:\/\/mosqueenogentsuroise.fr\/","name":"Mosqu\u00e9e de Nogent sur Oise","description":"","potentialAction":[{"@type":"SearchAction","target":{"@type":"EntryPoint","urlTemplate":"https:\/\/mosqueenogentsuroise.fr\/?s={search_term_string}"},"query-input":{"@type":"PropertyValueSpecification","valueRequired":true,"valueName":"search_term_string"}}],"inLanguage":"fr-FR"}]}},"campaignId":"0","_links":{"self":[{"href":"https:\/\/mosqueenogentsuroise.fr\/index.php\/wp-json\/wp\/v2\/pages\/1495","targetHints":{"allow":["GET"]}}],"collection":[{"href":"https:\/\/mosqueenogentsuroise.fr\/index.php\/wp-json\/wp\/v2\/pages"}],"about":[{"href":"https:\/\/mosqueenogentsuroise.fr\/index.php\/wp-json\/wp\/v2\/types\/page"}],"author":[{"embeddable":true,"href":"https:\/\/mosqueenogentsuroise.fr\/index.php\/wp-json\/wp\/v2\/users\/1"}],"replies":[{"embeddable":true,"href":"https:\/\/mosqueenogentsuroise.fr\/index.php\/wp-json\/wp\/v2\/comments?post=1495"}],"version-history":[{"count":1,"href":"https:\/\/mosqueenogentsuroise.fr\/index.php\/wp-json\/wp\/v2\/pages\/1495\/revisions"}],"predecessor-version":[{"id":1496,"href":"https:\/\/mosqueenogentsuroise.fr\/index.php\/wp-json\/wp\/v2\/pages\/1495\/revisions\/1496"}],"up":[{"embeddable":true,"href":"https:\/\/mosqueenogentsuroise.fr\/index.php\/wp-json\/wp\/v2\/pages\/230"}],"wp:attachment":[{"href":"https:\/\/mosqueenogentsuroise.fr\/index.php\/wp-json\/wp\/v2\/media?parent=1495"}],"curies":[{"name":"wp","href":"https:\/\/api.w.org\/{rel}","templated":true}]}}