{"id":1329,"date":"2024-04-08T14:37:53","date_gmt":"2024-04-08T12:37:53","guid":{"rendered":"https:\/\/mosqueenogentsuroise.fr\/?page_id=1329"},"modified":"2024-05-01T16:05:55","modified_gmt":"2024-05-01T14:05:55","slug":"pre-inscription-aux-cours-2024-2025","status":"publish","type":"page","link":"https:\/\/mosqueenogentsuroise.fr\/index.php\/nos-activites\/cours-pour-enfants\/pre-inscription-aux-cours-2024-2025\/","title":{"rendered":"Demande de pr\u00e9-inscription aux cours Madrassa 2024\/2025"},"content":{"rendered":"<div class=\"wp-block-image\">\n<figure class=\"aligncenter size-full is-resized\"><img loading=\"lazy\" decoding=\"async\" src=\"https:\/\/mosqueenogentsuroise.fr\/wp-content\/uploads\/2020\/12\/telechargement.png\" alt=\"\" class=\"wp-image-897\" width=\"108\" height=\"108\" srcset=\"https:\/\/mosqueenogentsuroise.fr\/wp-content\/uploads\/2020\/12\/telechargement.png 225w, https:\/\/mosqueenogentsuroise.fr\/wp-content\/uploads\/2020\/12\/telechargement-150x150.png 150w\" sizes=\"auto, (max-width: 108px) 100vw, 108px\" \/><\/figure><\/div>\n\n\n<h2 class=\"has-text-align-center wp-block-heading\">Nous sommes d\u00e9sol\u00e9s, nous ne prenons plus de demande de pr\u00e9-inscription pour l&rsquo;ann\u00e9e 2024\/2025.<\/h2>\n\n\n\n<h2 class=\"has-text-align-center wp-block-heading\">Nous vous invitons \u00e0 vous orienter vers les autres mosqu\u00e9es de l&rsquo;agglom\u00e9ration creilloise.<\/h2>\n","protected":false},"excerpt":{"rendered":"<p>Nous sommes d\u00e9sol\u00e9s, nous ne prenons plus de demande de pr\u00e9-inscription pour l&rsquo;ann\u00e9e 2024\/2025. Nous vous invitons \u00e0 vous orienter vers les autres mosqu\u00e9es de l&rsquo;agglom\u00e9ration creilloise.<\/p>\n","protected":false},"author":1,"featured_media":0,"parent":215,"menu_order":4,"comment_status":"closed","ping_status":"closed","template":"","meta":{"give_campaign_id":0,"_monsterinsights_skip_tracking":false,"_monsterinsights_sitenote_active":false,"_monsterinsights_sitenote_note":"","_monsterinsights_sitenote_category":0,"footnotes":""},"class_list":["post-1329","page","type-page","status-publish","hentry"],"yoast_head":"<!-- This site is optimized with the Yoast SEO plugin v27.5 - https:\/\/yoast.com\/product\/yoast-seo-wordpress\/ -->\n<title>Demande de pr\u00e9-inscription aux cours Madrassa 2024\/2025 - Mosqu\u00e9e de Nogent sur Oise<\/title>\n<meta name=\"robots\" content=\"index, follow, max-snippet:-1, max-image-preview:large, max-video-preview:-1\" \/>\n<link rel=\"canonical\" href=\"https:\/\/mosqueenogentsuroise.fr\/index.php\/nos-activites\/cours-pour-enfants\/pre-inscription-aux-cours-2024-2025\/\" \/>\n<meta property=\"og:locale\" content=\"fr_FR\" \/>\n<meta property=\"og:type\" content=\"article\" \/>\n<meta property=\"og:title\" content=\"Demande de pr\u00e9-inscription aux cours Madrassa 2024\/2025 - Mosqu\u00e9e de Nogent sur Oise\" \/>\n<meta property=\"og:description\" content=\"Nous sommes d\u00e9sol\u00e9s, nous ne prenons plus de demande de pr\u00e9-inscription pour l&rsquo;ann\u00e9e 2024\/2025. Nous vous invitons \u00e0 vous orienter vers les autres mosqu\u00e9es de l&rsquo;agglom\u00e9ration creilloise.\" \/>\n<meta property=\"og:url\" content=\"https:\/\/mosqueenogentsuroise.fr\/index.php\/nos-activites\/cours-pour-enfants\/pre-inscription-aux-cours-2024-2025\/\" \/>\n<meta property=\"og:site_name\" content=\"Mosqu\u00e9e de Nogent sur Oise\" \/>\n<meta property=\"article:modified_time\" content=\"2024-05-01T14:05:55+00:00\" \/>\n<meta property=\"og:image\" content=\"https:\/\/mosqueenogentsuroise.fr\/wp-content\/uploads\/2020\/12\/telechargement.png\" \/>\n<meta name=\"twitter:card\" content=\"summary_large_image\" \/>\n<meta name=\"twitter:label1\" content=\"Dur\u00e9e de lecture estim\u00e9e\" \/>\n\t<meta name=\"twitter:data1\" content=\"1 minute\" \/>\n<script type=\"application\/ld+json\" class=\"yoast-schema-graph\">{\"@context\":\"https:\\\/\\\/schema.org\",\"@graph\":[{\"@type\":\"WebPage\",\"@id\":\"https:\\\/\\\/mosqueenogentsuroise.fr\\\/index.php\\\/nos-activites\\\/cours-pour-enfants\\\/pre-inscription-aux-cours-2024-2025\\\/\",\"url\":\"https:\\\/\\\/mosqueenogentsuroise.fr\\\/index.php\\\/nos-activites\\\/cours-pour-enfants\\\/pre-inscription-aux-cours-2024-2025\\\/\",\"name\":\"Demande de pr\u00e9-inscription aux cours Madrassa 2024\\\/2025 - Mosqu\u00e9e de Nogent sur Oise\",\"isPartOf\":{\"@id\":\"https:\\\/\\\/mosqueenogentsuroise.fr\\\/#website\"},\"primaryImageOfPage\":{\"@id\":\"https:\\\/\\\/mosqueenogentsuroise.fr\\\/index.php\\\/nos-activites\\\/cours-pour-enfants\\\/pre-inscription-aux-cours-2024-2025\\\/#primaryimage\"},\"image\":{\"@id\":\"https:\\\/\\\/mosqueenogentsuroise.fr\\\/index.php\\\/nos-activites\\\/cours-pour-enfants\\\/pre-inscription-aux-cours-2024-2025\\\/#primaryimage\"},\"thumbnailUrl\":\"https:\\\/\\\/mosqueenogentsuroise.fr\\\/wp-content\\\/uploads\\\/2020\\\/12\\\/telechargement.png\",\"datePublished\":\"2024-04-08T12:37:53+00:00\",\"dateModified\":\"2024-05-01T14:05:55+00:00\",\"breadcrumb\":{\"@id\":\"https:\\\/\\\/mosqueenogentsuroise.fr\\\/index.php\\\/nos-activites\\\/cours-pour-enfants\\\/pre-inscription-aux-cours-2024-2025\\\/#breadcrumb\"},\"inLanguage\":\"fr-FR\",\"potentialAction\":[{\"@type\":\"ReadAction\",\"target\":[\"https:\\\/\\\/mosqueenogentsuroise.fr\\\/index.php\\\/nos-activites\\\/cours-pour-enfants\\\/pre-inscription-aux-cours-2024-2025\\\/\"]}]},{\"@type\":\"ImageObject\",\"inLanguage\":\"fr-FR\",\"@id\":\"https:\\\/\\\/mosqueenogentsuroise.fr\\\/index.php\\\/nos-activites\\\/cours-pour-enfants\\\/pre-inscription-aux-cours-2024-2025\\\/#primaryimage\",\"url\":\"https:\\\/\\\/mosqueenogentsuroise.fr\\\/wp-content\\\/uploads\\\/2020\\\/12\\\/telechargement.png\",\"contentUrl\":\"https:\\\/\\\/mosqueenogentsuroise.fr\\\/wp-content\\\/uploads\\\/2020\\\/12\\\/telechargement.png\",\"width\":225,\"height\":225},{\"@type\":\"BreadcrumbList\",\"@id\":\"https:\\\/\\\/mosqueenogentsuroise.fr\\\/index.php\\\/nos-activites\\\/cours-pour-enfants\\\/pre-inscription-aux-cours-2024-2025\\\/#breadcrumb\",\"itemListElement\":[{\"@type\":\"ListItem\",\"position\":1,\"name\":\"Accueil\",\"item\":\"https:\\\/\\\/mosqueenogentsuroise.fr\\\/\"},{\"@type\":\"ListItem\",\"position\":2,\"name\":\"Nos activit\u00e9s\",\"item\":\"https:\\\/\\\/mosqueenogentsuroise.fr\\\/index.php\\\/nos-activites\\\/\"},{\"@type\":\"ListItem\",\"position\":3,\"name\":\"Cours pour enfants\",\"item\":\"https:\\\/\\\/mosqueenogentsuroise.fr\\\/index.php\\\/nos-activites\\\/cours-pour-enfants\\\/\"},{\"@type\":\"ListItem\",\"position\":4,\"name\":\"Demande de pr\u00e9-inscription aux cours Madrassa 2024\\\/2025\"}]},{\"@type\":\"WebSite\",\"@id\":\"https:\\\/\\\/mosqueenogentsuroise.fr\\\/#website\",\"url\":\"https:\\\/\\\/mosqueenogentsuroise.fr\\\/\",\"name\":\"Mosqu\u00e9e de Nogent sur Oise\",\"description\":\"\",\"potentialAction\":[{\"@type\":\"SearchAction\",\"target\":{\"@type\":\"EntryPoint\",\"urlTemplate\":\"https:\\\/\\\/mosqueenogentsuroise.fr\\\/?s={search_term_string}\"},\"query-input\":{\"@type\":\"PropertyValueSpecification\",\"valueRequired\":true,\"valueName\":\"search_term_string\"}}],\"inLanguage\":\"fr-FR\"}]}<\/script>\n<!-- \/ Yoast SEO plugin. -->","yoast_head_json":{"title":"Demande de pr\u00e9-inscription aux cours Madrassa 2024\/2025 - Mosqu\u00e9e de Nogent sur Oise","robots":{"index":"index","follow":"follow","max-snippet":"max-snippet:-1","max-image-preview":"max-image-preview:large","max-video-preview":"max-video-preview:-1"},"canonical":"https:\/\/mosqueenogentsuroise.fr\/index.php\/nos-activites\/cours-pour-enfants\/pre-inscription-aux-cours-2024-2025\/","og_locale":"fr_FR","og_type":"article","og_title":"Demande de pr\u00e9-inscription aux cours Madrassa 2024\/2025 - Mosqu\u00e9e de Nogent sur Oise","og_description":"Nous sommes d\u00e9sol\u00e9s, nous ne prenons plus de demande de pr\u00e9-inscription pour l&rsquo;ann\u00e9e 2024\/2025. Nous vous invitons \u00e0 vous orienter vers les autres mosqu\u00e9es de l&rsquo;agglom\u00e9ration creilloise.","og_url":"https:\/\/mosqueenogentsuroise.fr\/index.php\/nos-activites\/cours-pour-enfants\/pre-inscription-aux-cours-2024-2025\/","og_site_name":"Mosqu\u00e9e de Nogent sur Oise","article_modified_time":"2024-05-01T14:05:55+00:00","og_image":[{"url":"https:\/\/mosqueenogentsuroise.fr\/wp-content\/uploads\/2020\/12\/telechargement.png","type":"","width":"","height":""}],"twitter_card":"summary_large_image","twitter_misc":{"Dur\u00e9e de lecture estim\u00e9e":"1 minute"},"schema":{"@context":"https:\/\/schema.org","@graph":[{"@type":"WebPage","@id":"https:\/\/mosqueenogentsuroise.fr\/index.php\/nos-activites\/cours-pour-enfants\/pre-inscription-aux-cours-2024-2025\/","url":"https:\/\/mosqueenogentsuroise.fr\/index.php\/nos-activites\/cours-pour-enfants\/pre-inscription-aux-cours-2024-2025\/","name":"Demande de pr\u00e9-inscription aux cours Madrassa 2024\/2025 - Mosqu\u00e9e de Nogent sur Oise","isPartOf":{"@id":"https:\/\/mosqueenogentsuroise.fr\/#website"},"primaryImageOfPage":{"@id":"https:\/\/mosqueenogentsuroise.fr\/index.php\/nos-activites\/cours-pour-enfants\/pre-inscription-aux-cours-2024-2025\/#primaryimage"},"image":{"@id":"https:\/\/mosqueenogentsuroise.fr\/index.php\/nos-activites\/cours-pour-enfants\/pre-inscription-aux-cours-2024-2025\/#primaryimage"},"thumbnailUrl":"https:\/\/mosqueenogentsuroise.fr\/wp-content\/uploads\/2020\/12\/telechargement.png","datePublished":"2024-04-08T12:37:53+00:00","dateModified":"2024-05-01T14:05:55+00:00","breadcrumb":{"@id":"https:\/\/mosqueenogentsuroise.fr\/index.php\/nos-activites\/cours-pour-enfants\/pre-inscription-aux-cours-2024-2025\/#breadcrumb"},"inLanguage":"fr-FR","potentialAction":[{"@type":"ReadAction","target":["https:\/\/mosqueenogentsuroise.fr\/index.php\/nos-activites\/cours-pour-enfants\/pre-inscription-aux-cours-2024-2025\/"]}]},{"@type":"ImageObject","inLanguage":"fr-FR","@id":"https:\/\/mosqueenogentsuroise.fr\/index.php\/nos-activites\/cours-pour-enfants\/pre-inscription-aux-cours-2024-2025\/#primaryimage","url":"https:\/\/mosqueenogentsuroise.fr\/wp-content\/uploads\/2020\/12\/telechargement.png","contentUrl":"https:\/\/mosqueenogentsuroise.fr\/wp-content\/uploads\/2020\/12\/telechargement.png","width":225,"height":225},{"@type":"BreadcrumbList","@id":"https:\/\/mosqueenogentsuroise.fr\/index.php\/nos-activites\/cours-pour-enfants\/pre-inscription-aux-cours-2024-2025\/#breadcrumb","itemListElement":[{"@type":"ListItem","position":1,"name":"Accueil","item":"https:\/\/mosqueenogentsuroise.fr\/"},{"@type":"ListItem","position":2,"name":"Nos activit\u00e9s","item":"https:\/\/mosqueenogentsuroise.fr\/index.php\/nos-activites\/"},{"@type":"ListItem","position":3,"name":"Cours pour enfants","item":"https:\/\/mosqueenogentsuroise.fr\/index.php\/nos-activites\/cours-pour-enfants\/"},{"@type":"ListItem","position":4,"name":"Demande de pr\u00e9-inscription aux cours Madrassa 2024\/2025"}]},{"@type":"WebSite","@id":"https:\/\/mosqueenogentsuroise.fr\/#website","url":"https:\/\/mosqueenogentsuroise.fr\/","name":"Mosqu\u00e9e de Nogent sur Oise","description":"","potentialAction":[{"@type":"SearchAction","target":{"@type":"EntryPoint","urlTemplate":"https:\/\/mosqueenogentsuroise.fr\/?s={search_term_string}"},"query-input":{"@type":"PropertyValueSpecification","valueRequired":true,"valueName":"search_term_string"}}],"inLanguage":"fr-FR"}]}},"campaignId":"","_links":{"self":[{"href":"https:\/\/mosqueenogentsuroise.fr\/index.php\/wp-json\/wp\/v2\/pages\/1329","targetHints":{"allow":["GET"]}}],"collection":[{"href":"https:\/\/mosqueenogentsuroise.fr\/index.php\/wp-json\/wp\/v2\/pages"}],"about":[{"href":"https:\/\/mosqueenogentsuroise.fr\/index.php\/wp-json\/wp\/v2\/types\/page"}],"author":[{"embeddable":true,"href":"https:\/\/mosqueenogentsuroise.fr\/index.php\/wp-json\/wp\/v2\/users\/1"}],"replies":[{"embeddable":true,"href":"https:\/\/mosqueenogentsuroise.fr\/index.php\/wp-json\/wp\/v2\/comments?post=1329"}],"version-history":[{"count":5,"href":"https:\/\/mosqueenogentsuroise.fr\/index.php\/wp-json\/wp\/v2\/pages\/1329\/revisions"}],"predecessor-version":[{"id":1358,"href":"https:\/\/mosqueenogentsuroise.fr\/index.php\/wp-json\/wp\/v2\/pages\/1329\/revisions\/1358"}],"up":[{"embeddable":true,"href":"https:\/\/mosqueenogentsuroise.fr\/index.php\/wp-json\/wp\/v2\/pages\/215"}],"wp:attachment":[{"href":"https:\/\/mosqueenogentsuroise.fr\/index.php\/wp-json\/wp\/v2\/media?parent=1329"}],"curies":[{"name":"wp","href":"https:\/\/api.w.org\/{rel}","templated":true}]}}